{"id":2,"date":"2020-09-03T06:58:06","date_gmt":"2020-09-03T06:58:06","guid":{"rendered":"http:\/\/praczas.com\/?page_id=2"},"modified":"2020-10-23T15:38:08","modified_gmt":"2020-10-23T15:38:08","slug":"2-2","status":"publish","type":"page","link":"http:\/\/praczas.com\/?page_id=2","title":{"rendered":""},"content":{"rendered":"\t\t<div data-elementor-type=\"wp-page\" data-elementor-id=\"2\" class=\"elementor elementor-2\" data-elementor-settings=\"[]\">\n\t\t\t\t\t\t<div class=\"elementor-inner\">\n\t\t\t\t\t\t\t<div class=\"elementor-section-wrap\">\n\t\t\t\t\t\t\t<section class=\"elementor-section elementor-top-section elementor-element elementor-element-961cd16 elementor-section-boxed elementor-section-height-default elementor-section-height-default\" data-id=\"961cd16\" data-element_type=\"section\">\n\t\t\t\t\t\t<div class=\"elementor-container elementor-column-gap-default\">\n\t\t\t\t\t\t\t<div class=\"elementor-row\">\n\t\t\t\t\t<div class=\"elementor-column elementor-col-100 elementor-top-column elementor-element elementor-element-ae927e9\" data-id=\"ae927e9\" data-element_type=\"column\">\n\t\t\t<div class=\"elementor-column-wrap elementor-element-populated\">\n\t\t\t\t\t\t\t<div class=\"elementor-widget-wrap\">\n\t\t\t\t\t\t<div class=\"elementor-element elementor-element-0e082c6 elementor-widget elementor-widget-text-editor\" data-id=\"0e082c6\" data-element_type=\"widget\" data-widget_type=\"text-editor.default\">\n\t\t\t\t<div class=\"elementor-widget-container\">\n\t\t\t\t\t<div class=\"elementor-text-editor elementor-clearfix\"><p>L<\/p><\/div>\n\t\t\t\t<\/div>\n\t\t\t\t<\/div>\n\t\t\t\t<div class=\"elementor-element elementor-element-5d6c81f elementor-drop-cap-yes elementor-drop-cap-view-default elementor-widget elementor-widget-text-editor\" data-id=\"5d6c81f\" data-element_type=\"widget\" data-settings=\"{&quot;drop_cap&quot;:&quot;yes&quot;}\" data-widget_type=\"text-editor.default\">\n\t\t\t\t<div class=\"elementor-widget-container\">\n\t\t\t\t\t<div class=\"elementor-text-editor elementor-clearfix\"><p><!-- wp:paragraph --><\/p>\n<p><img loading=\"lazy\" class=\"size-medium wp-image-89 alignleft\" src=\"http:\/\/praczas.com\/wp-content\/uploads\/2020\/09\/front_12_vel4_D_got_RGB-300x270.jpg\" alt=\"\" width=\"300\" height=\"270\" srcset=\"http:\/\/praczas.com\/wp-content\/uploads\/2020\/09\/front_12_vel4_D_got_RGB-300x270.jpg 300w, http:\/\/praczas.com\/wp-content\/uploads\/2020\/09\/front_12_vel4_D_got_RGB-1024x920.jpg 1024w, http:\/\/praczas.com\/wp-content\/uploads\/2020\/09\/front_12_vel4_D_got_RGB-768x690.jpg 768w, http:\/\/praczas.com\/wp-content\/uploads\/2020\/09\/front_12_vel4_D_got_RGB-1536x1381.jpg 1536w, http:\/\/praczas.com\/wp-content\/uploads\/2020\/09\/front_12_vel4_D_got_RGB-2048x1841.jpg 2048w\" sizes=\"(max-width: 300px) 100vw, 300px\" \/><\/p>\n<p><\/p>\n<p><\/p>\n<p><\/p>\n<p><br><\/p><p><br><\/p><p><br><\/p><p>Dzi\u015b premiera p\u0142yty &#8211; dost\u0119pna w formacie CD w sklepie <a href=\"http:\/\/www.antenakrzyku.pl\/pl\/sklep\/praczas-opus-minimum-cd-preorder-release-date-231020\/\">Anteny Krzyku<\/a> oraz na <a href=\"https:\/\/open.spotify.com\/album\/0GC9xbzq1yY1bIuRE0tXh0?si=kWR4lR9ZR1WH_KKcGCLdpQ\">Spotify<\/a>.<\/p>\n<p><\/p>\n<p><!-- \/wp:paragraph --><\/p><\/div>\n\t\t\t\t<\/div>\n\t\t\t\t<\/div>\n\t\t\t\t\t\t<\/div>\n\t\t\t\t\t<\/div>\n\t\t<\/div>\n\t\t\t\t\t\t\t\t<\/div>\n\t\t\t\t\t<\/div>\n\t\t<\/section>\n\t\t\t\t<section class=\"elementor-section elementor-top-section elementor-element elementor-element-6436145 elementor-section-boxed elementor-section-height-default elementor-section-height-default\" data-id=\"6436145\" data-element_type=\"section\">\n\t\t\t\t\t\t<div class=\"elementor-container elementor-column-gap-default\">\n\t\t\t\t\t\t\t<div class=\"elementor-row\">\n\t\t\t\t\t<div class=\"elementor-column elementor-col-100 elementor-top-column elementor-element elementor-element-dedf5fe\" data-id=\"dedf5fe\" data-element_type=\"column\">\n\t\t\t<div class=\"elementor-column-wrap elementor-element-populated\">\n\t\t\t\t\t\t\t<div class=\"elementor-widget-wrap\">\n\t\t\t\t\t\t<div class=\"elementor-element elementor-element-1250135 elementor-widget elementor-widget-text-editor\" data-id=\"1250135\" data-element_type=\"widget\" data-widget_type=\"text-editor.default\">\n\t\t\t\t<div class=\"elementor-widget-container\">\n\t\t\t\t\t<div class=\"elementor-text-editor elementor-clearfix\"><p>L<\/p><\/div>\n\t\t\t\t<\/div>\n\t\t\t\t<\/div>\n\t\t\t\t<div class=\"elementor-element elementor-element-49ed190 elementor-drop-cap-yes elementor-drop-cap-view-default elementor-widget elementor-widget-text-editor\" data-id=\"49ed190\" data-element_type=\"widget\" data-settings=\"{&quot;drop_cap&quot;:&quot;yes&quot;}\" data-widget_type=\"text-editor.default\">\n\t\t\t\t<div class=\"elementor-widget-container\">\n\t\t\t\t\t<div class=\"elementor-text-editor elementor-clearfix\"><p><!-- wp:paragraph --><\/p>\n<p><img loading=\"lazy\" class=\"size-medium wp-image-89 alignleft\" src=\"http:\/\/praczas.com\/wp-content\/uploads\/2020\/09\/front_12_vel4_D_got_RGB-300x270.jpg\" alt=\"\" width=\"300\" height=\"270\" srcset=\"http:\/\/praczas.com\/wp-content\/uploads\/2020\/09\/front_12_vel4_D_got_RGB-300x270.jpg 300w, http:\/\/praczas.com\/wp-content\/uploads\/2020\/09\/front_12_vel4_D_got_RGB-1024x920.jpg 1024w, http:\/\/praczas.com\/wp-content\/uploads\/2020\/09\/front_12_vel4_D_got_RGB-768x690.jpg 768w, http:\/\/praczas.com\/wp-content\/uploads\/2020\/09\/front_12_vel4_D_got_RGB-1536x1381.jpg 1536w, http:\/\/praczas.com\/wp-content\/uploads\/2020\/09\/front_12_vel4_D_got_RGB-2048x1841.jpg 2048w\" sizes=\"(max-width: 300px) 100vw, 300px\" \/><\/p>\n<p>\u00a0<\/p>\n<p>\u00a0<\/p>\n<p>Ju\u017c w pa\u017adzierniku uka\u017ce si\u0119 moja p\u0142yta.<\/p>\n<p>Wydawc\u0105 jest Antena Krzyku.<\/p>\n<p>\u00a0<\/p>\n<p>\u00a0<\/p>\n<p><!-- \/wp:paragraph --><\/p><\/div>\n\t\t\t\t<\/div>\n\t\t\t\t<\/div>\n\t\t\t\t\t\t<\/div>\n\t\t\t\t\t<\/div>\n\t\t<\/div>\n\t\t\t\t\t\t\t\t<\/div>\n\t\t\t\t\t<\/div>\n\t\t<\/section>\n\t\t\t\t\t\t<\/div>\n\t\t\t\t\t\t<\/div>\n\t\t\t\t\t<\/div>\n\t\t","protected":false},"excerpt":{"rendered":"<p>L Dzi\u015b premiera p\u0142yty &#8211; dost\u0119pna w formacie CD w sklepie Anteny Krzyku oraz na Spotify. L \u00a0 \u00a0 Ju\u017c w pa\u017adzierniku uka\u017ce si\u0119 moja p\u0142yta. Wydawc\u0105 jest Antena Krzyku. \u00a0 \u00a0<\/p>\n","protected":false},"author":1,"featured_media":0,"parent":0,"menu_order":0,"comment_status":"closed","ping_status":"closed","template":"","meta":{"neve_meta_sidebar":"","neve_meta_container":"","neve_meta_enable_content_width":"","neve_meta_content_width":0,"neve_meta_title_alignment":"","neve_meta_author_avatar":"","neve_post_elements_order":"","neve_meta_disable_header":"","neve_meta_disable_footer":"","neve_meta_disable_title":""},"yoast_head":"<!-- This site is optimized with the Yoast SEO plugin v15.0 - https:\/\/yoast.com\/wordpress\/plugins\/seo\/ -->\n<title>&gt; PRACZAS<\/title>\n<meta name=\"robots\" content=\"index, follow, max-snippet:-1, max-image-preview:large, max-video-preview:-1\" \/>\n<link rel=\"canonical\" href=\"http:\/\/praczas.com\/?page_id=2\" \/>\n<meta property=\"og:locale\" content=\"pl_PL\" \/>\n<meta property=\"og:type\" content=\"article\" \/>\n<meta property=\"og:title\" content=\"&gt; PRACZAS\" \/>\n<meta property=\"og:description\" content=\"L Dzi\u015b premiera p\u0142yty &#8211; dost\u0119pna w formacie CD w sklepie Anteny Krzyku oraz na Spotify. L \u00a0 \u00a0 Ju\u017c w pa\u017adzierniku uka\u017ce si\u0119 moja p\u0142yta. Wydawc\u0105 jest Antena Krzyku. \u00a0 \u00a0\" \/>\n<meta property=\"og:url\" content=\"http:\/\/praczas.com\/?page_id=2\" \/>\n<meta property=\"og:site_name\" content=\"PRACZAS\" \/>\n<meta property=\"article:modified_time\" content=\"2020-10-23T15:38:08+00:00\" \/>\n<meta property=\"og:image\" content=\"http:\/\/praczas.com\/wp-content\/uploads\/2020\/09\/front_12_vel4_D_got_RGB-300x270.jpg\" \/>\n<meta name=\"twitter:card\" content=\"summary_large_image\" \/>\n<script type=\"application\/ld+json\" class=\"yoast-schema-graph\">{\"@context\":\"https:\/\/schema.org\",\"@graph\":[{\"@type\":[\"Person\",\"Organization\"],\"@id\":\"http:\/\/praczas.com\/#\/schema\/person\/e698a84ace1cc83432bc2576cdac5cd4\",\"name\":\"PRACZAS\",\"image\":{\"@type\":\"ImageObject\",\"@id\":\"http:\/\/praczas.com\/#personlogo\",\"inLanguage\":\"pl-PL\",\"url\":\"http:\/\/2.gravatar.com\/avatar\/bf61160c091ced6205be75fe28a68479?s=96&d=mm&r=g\",\"caption\":\"PRACZAS\"},\"logo\":{\"@id\":\"http:\/\/praczas.com\/#personlogo\"}},{\"@type\":\"WebSite\",\"@id\":\"http:\/\/praczas.com\/#website\",\"url\":\"http:\/\/praczas.com\/\",\"name\":\"PRACZAS\",\"description\":\"OPUS MINIMUM\",\"publisher\":{\"@id\":\"http:\/\/praczas.com\/#\/schema\/person\/e698a84ace1cc83432bc2576cdac5cd4\"},\"potentialAction\":[{\"@type\":\"SearchAction\",\"target\":\"http:\/\/praczas.com\/?s={search_term_string}\",\"query-input\":\"required name=search_term_string\"}],\"inLanguage\":\"pl-PL\"},{\"@type\":\"ImageObject\",\"@id\":\"http:\/\/praczas.com\/?page_id=2#primaryimage\",\"inLanguage\":\"pl-PL\",\"url\":\"http:\/\/praczas.com\/wp-content\/uploads\/2020\/09\/front_12_vel4_D_got_RGB-scaled.jpg\",\"width\":2560,\"height\":2301},{\"@type\":\"WebPage\",\"@id\":\"http:\/\/praczas.com\/?page_id=2#webpage\",\"url\":\"http:\/\/praczas.com\/?page_id=2\",\"name\":\"&gt; PRACZAS\",\"isPartOf\":{\"@id\":\"http:\/\/praczas.com\/#website\"},\"primaryImageOfPage\":{\"@id\":\"http:\/\/praczas.com\/?page_id=2#primaryimage\"},\"datePublished\":\"2020-09-03T06:58:06+00:00\",\"dateModified\":\"2020-10-23T15:38:08+00:00\",\"inLanguage\":\"pl-PL\",\"potentialAction\":[{\"@type\":\"ReadAction\",\"target\":[\"http:\/\/praczas.com\/?page_id=2\"]}]}]}<\/script>\n<!-- \/ Yoast SEO plugin. -->","_links":{"self":[{"href":"http:\/\/praczas.com\/index.php?rest_route=\/wp\/v2\/pages\/2"}],"collection":[{"href":"http:\/\/praczas.com\/index.php?rest_route=\/wp\/v2\/pages"}],"about":[{"href":"http:\/\/praczas.com\/index.php?rest_route=\/wp\/v2\/types\/page"}],"author":[{"embeddable":true,"href":"http:\/\/praczas.com\/index.php?rest_route=\/wp\/v2\/users\/1"}],"replies":[{"embeddable":true,"href":"http:\/\/praczas.com\/index.php?rest_route=%2Fwp%2Fv2%2Fcomments&post=2"}],"version-history":[{"count":8,"href":"http:\/\/praczas.com\/index.php?rest_route=\/wp\/v2\/pages\/2\/revisions"}],"predecessor-version":[{"id":423,"href":"http:\/\/praczas.com\/index.php?rest_route=\/wp\/v2\/pages\/2\/revisions\/423"}],"wp:attachment":[{"href":"http:\/\/praczas.com\/index.php?rest_route=%2Fwp%2Fv2%2Fmedia&parent=2"}],"curies":[{"name":"wp","href":"https:\/\/api.w.org\/{rel}","templated":true}]}}