{"id":291,"date":"2020-09-06T11:23:05","date_gmt":"2020-09-06T11:23:05","guid":{"rendered":"http:\/\/praczas.com\/?page_id=291"},"modified":"2020-09-06T11:54:05","modified_gmt":"2020-09-06T11:54:05","slug":"single-album-1","status":"publish","type":"page","link":"http:\/\/praczas.com\/?page_id=291","title":{"rendered":"INGAZI"},"content":{"rendered":"\t\t<div data-elementor-type=\"wp-post\" data-elementor-id=\"291\" class=\"elementor elementor-291\" data-elementor-settings=\"[]\">\n\t\t\t\t\t\t<div class=\"elementor-inner\">\n\t\t\t\t\t\t\t<div class=\"elementor-section-wrap\">\n\t\t\t\t\t\t\t<section class=\"elementor-section elementor-top-section elementor-element elementor-element-c569b30 elementor-section-boxed elementor-section-height-default elementor-section-height-default\" data-id=\"c569b30\" data-element_type=\"section\" data-settings=\"{&quot;background_background&quot;:&quot;classic&quot;}\">\n\t\t\t\t\t\t\t<div class=\"elementor-background-overlay\"><\/div>\n\t\t\t\t\t\t\t<div class=\"elementor-container elementor-column-gap-default\">\n\t\t\t\t\t\t\t<div class=\"elementor-row\">\n\t\t\t\t\t<div class=\"elementor-column elementor-col-100 elementor-top-column elementor-element elementor-element-c59bf79\" data-id=\"c59bf79\" data-element_type=\"column\">\n\t\t\t<div class=\"elementor-column-wrap elementor-element-populated\">\n\t\t\t\t\t\t\t<div class=\"elementor-widget-wrap\">\n\t\t\t\t\t\t<section class=\"elementor-section elementor-inner-section elementor-element elementor-element-1458262 elementor-section-boxed elementor-section-height-default elementor-section-height-default\" data-id=\"1458262\" data-element_type=\"section\">\n\t\t\t\t\t\t<div class=\"elementor-container elementor-column-gap-default\">\n\t\t\t\t\t\t\t<div class=\"elementor-row\">\n\t\t\t\t\t<div class=\"elementor-column elementor-col-50 elementor-inner-column elementor-element elementor-element-a68c26e\" data-id=\"a68c26e\" data-element_type=\"column\">\n\t\t\t<div class=\"elementor-column-wrap elementor-element-populated\">\n\t\t\t\t\t\t\t<div class=\"elementor-widget-wrap\">\n\t\t\t\t\t\t<div class=\"elementor-element elementor-element-33ec010 elementor-widget elementor-widget-image\" data-id=\"33ec010\" data-element_type=\"widget\" data-widget_type=\"image.default\">\n\t\t\t\t<div class=\"elementor-widget-container\">\n\t\t\t\t\t<div class=\"elementor-image\">\n\t\t\t\t\t\t\t\t\t\t<img width=\"1024\" height=\"1024\" src=\"http:\/\/praczas.com\/wp-content\/uploads\/2020\/09\/INGAZI_front_net-1024x1024.jpg\" class=\"attachment-large size-large\" alt=\"\" loading=\"lazy\" srcset=\"http:\/\/praczas.com\/wp-content\/uploads\/2020\/09\/INGAZI_front_net-1024x1024.jpg 1024w, http:\/\/praczas.com\/wp-content\/uploads\/2020\/09\/INGAZI_front_net-300x300.jpg 300w, http:\/\/praczas.com\/wp-content\/uploads\/2020\/09\/INGAZI_front_net-150x150.jpg 150w, http:\/\/praczas.com\/wp-content\/uploads\/2020\/09\/INGAZI_front_net-768x768.jpg 768w, http:\/\/praczas.com\/wp-content\/uploads\/2020\/09\/INGAZI_front_net.jpg 1200w\" sizes=\"(max-width: 1024px) 100vw, 1024px\" \/>\t\t\t\t\t\t\t\t\t\t\t<\/div>\n\t\t\t\t<\/div>\n\t\t\t\t<\/div>\n\t\t\t\t\t\t<\/div>\n\t\t\t\t\t<\/div>\n\t\t<\/div>\n\t\t\t\t<div class=\"elementor-column elementor-col-50 elementor-inner-column elementor-element elementor-element-b1f83e4\" data-id=\"b1f83e4\" data-element_type=\"column\">\n\t\t\t<div class=\"elementor-column-wrap elementor-element-populated\">\n\t\t\t\t\t\t\t<div class=\"elementor-widget-wrap\">\n\t\t\t\t\t\t<div class=\"elementor-element elementor-element-5ad7da1 elementor-widget elementor-widget-heading\" data-id=\"5ad7da1\" data-element_type=\"widget\" data-widget_type=\"heading.default\">\n\t\t\t\t<div class=\"elementor-widget-container\">\n\t\t\t<div class=\"elementor-heading-title elementor-size-default\">DEBIUTANCKA P\u0141YTA INGAZI<\/div>\t\t<\/div>\n\t\t\t\t<\/div>\n\t\t\t\t<div class=\"elementor-element elementor-element-3fb1297 elementor-widget elementor-widget-heading\" data-id=\"3fb1297\" data-element_type=\"widget\" data-widget_type=\"heading.default\">\n\t\t\t\t<div class=\"elementor-widget-container\">\n\t\t\t<h1 class=\"elementor-heading-title elementor-size-default\">TCHNIENIA<\/h1>\t\t<\/div>\n\t\t\t\t<\/div>\n\t\t\t\t<div class=\"elementor-element elementor-element-8056a64 elementor-widget elementor-widget-spacer\" data-id=\"8056a64\" data-element_type=\"widget\" data-widget_type=\"spacer.default\">\n\t\t\t\t<div class=\"elementor-widget-container\">\n\t\t\t\t\t<div class=\"elementor-spacer\">\n\t\t\t<div class=\"elementor-spacer-inner\"><\/div>\n\t\t<\/div>\n\t\t\t\t<\/div>\n\t\t\t\t<\/div>\n\t\t\t\t<div class=\"elementor-element elementor-element-7d511ac elementor-widget elementor-widget-text-editor\" data-id=\"7d511ac\" data-element_type=\"widget\" data-widget_type=\"text-editor.default\">\n\t\t\t\t<div class=\"elementor-widget-container\">\n\t\t\t\t\t<div class=\"elementor-text-editor elementor-clearfix\"><p><strong>Ingazi<\/strong> to muzyka inspirowana duchem poezji czarnej Afryki z lat 40., 50. i 60. XX wieku. Polskie t\u0142umaczenia tekst\u00f3w z Senegalu, Nigerii i Ghany, wkomponowane w nowoczesne elektroniczne brzmienia, poruszaj\u0105 aktualno\u015bci\u0105 i nios\u0105 uniwersalne egzystencjalne przes\u0142anie.<\/p><p>W muzyce wykorzystano rdzenne afryka\u0144skie instrumentarium \u2013 miedzy innymi ngoni, bolon, balafon oraz oryginaln\u0105 manier\u0119 \u015bpiewu. Projekt tworz\u0105 <strong>Gwidon Cybulski<\/strong> (Gadaj\u0105ca Tykwa, Wielb\u0142\u0105dy, Mosaik) i <strong>Rafa\u0142 \u201ePraczas\u201d Ko\u0142aci\u0144ski<\/strong> (Masala Soundsystem, Pablopavo\/Praczas\/ Iwanek, Village Kollektiv).<\/p><p>\u00a0<\/p><\/div>\n\t\t\t\t<\/div>\n\t\t\t\t<\/div>\n\t\t\t\t\t\t<\/div>\n\t\t\t\t\t<\/div>\n\t\t<\/div>\n\t\t\t\t\t\t\t\t<\/div>\n\t\t\t\t\t<\/div>\n\t\t<\/section>\n\t\t\t\t<div class=\"elementor-element elementor-element-3a4053e elementor-widget elementor-widget-spacer\" data-id=\"3a4053e\" data-element_type=\"widget\" data-widget_type=\"spacer.default\">\n\t\t\t\t<div class=\"elementor-widget-container\">\n\t\t\t\t\t<div class=\"elementor-spacer\">\n\t\t\t<div class=\"elementor-spacer-inner\"><\/div>\n\t\t<\/div>\n\t\t\t\t<\/div>\n\t\t\t\t<\/div>\n\t\t\t\t<section class=\"elementor-section elementor-inner-section elementor-element elementor-element-2e904bb elementor-section-boxed elementor-section-height-default elementor-section-height-default\" data-id=\"2e904bb\" data-element_type=\"section\">\n\t\t\t\t\t\t<div class=\"elementor-container elementor-column-gap-default\">\n\t\t\t\t\t\t\t<div class=\"elementor-row\">\n\t\t\t\t\t<div class=\"elementor-column elementor-col-33 elementor-inner-column elementor-element elementor-element-281ace6\" data-id=\"281ace6\" data-element_type=\"column\">\n\t\t\t<div class=\"elementor-column-wrap elementor-element-populated\">\n\t\t\t\t\t\t\t<div class=\"elementor-widget-wrap\">\n\t\t\t\t\t\t<div class=\"elementor-element elementor-element-9238d72 elementor-vertical-align-middle elementor-view-default elementor-position-top elementor-widget elementor-widget-icon-box\" data-id=\"9238d72\" data-element_type=\"widget\" data-widget_type=\"icon-box.default\">\n\t\t\t\t<div class=\"elementor-widget-container\">\n\t\t\t\t\t<div class=\"elementor-icon-box-wrapper\">\n\t\t\t\t\t\t<div class=\"elementor-icon-box-icon\">\n\t\t\t\t<a class=\"elementor-icon elementor-animation-grow\" href=\"https:\/\/open.spotify.com\/artist\/0gFVyyN6htTHT1b6YQMrGb?si=sJnqDHM2RjiFSG-ZSZmrOw\" target=\"_blank\">\n\t\t\t\t<i aria-hidden=\"true\" class=\"fab fa-spotify\"><\/i>\t\t\t\t<\/a>\n\t\t\t<\/div>\n\t\t\t\t\t\t<div class=\"elementor-icon-box-content\">\n\t\t\t\t<h3 class=\"elementor-icon-box-title\">\n\t\t\t\t\t<a href=\"https:\/\/open.spotify.com\/artist\/0gFVyyN6htTHT1b6YQMrGb?si=sJnqDHM2RjiFSG-ZSZmrOw\" target=\"_blank\">Spotify<\/a>\n\t\t\t\t<\/h3>\n\t\t\t\t\t\t\t<\/div>\n\t\t<\/div>\n\t\t\t\t<\/div>\n\t\t\t\t<\/div>\n\t\t\t\t\t\t<\/div>\n\t\t\t\t\t<\/div>\n\t\t<\/div>\n\t\t\t\t<div class=\"elementor-column elementor-col-33 elementor-inner-column elementor-element elementor-element-31638da\" data-id=\"31638da\" data-element_type=\"column\">\n\t\t\t<div class=\"elementor-column-wrap elementor-element-populated\">\n\t\t\t\t\t\t\t<div class=\"elementor-widget-wrap\">\n\t\t\t\t\t\t<div class=\"elementor-element elementor-element-16b361d elementor-vertical-align-middle elementor-view-default elementor-position-top elementor-widget elementor-widget-icon-box\" data-id=\"16b361d\" data-element_type=\"widget\" data-widget_type=\"icon-box.default\">\n\t\t\t\t<div class=\"elementor-widget-container\">\n\t\t\t\t\t<div class=\"elementor-icon-box-wrapper\">\n\t\t\t\t\t\t<div class=\"elementor-icon-box-icon\">\n\t\t\t\t<a class=\"elementor-icon elementor-animation-grow\" href=\"https:\/\/www.facebook.com\/IngaziPL\" target=\"_blank\">\n\t\t\t\t<i aria-hidden=\"true\" class=\"fab fa-facebook-square\"><\/i>\t\t\t\t<\/a>\n\t\t\t<\/div>\n\t\t\t\t\t\t<div class=\"elementor-icon-box-content\">\n\t\t\t\t<h3 class=\"elementor-icon-box-title\">\n\t\t\t\t\t<a href=\"https:\/\/www.facebook.com\/IngaziPL\" target=\"_blank\">FACEBOOK<\/a>\n\t\t\t\t<\/h3>\n\t\t\t\t\t\t\t<\/div>\n\t\t<\/div>\n\t\t\t\t<\/div>\n\t\t\t\t<\/div>\n\t\t\t\t\t\t<\/div>\n\t\t\t\t\t<\/div>\n\t\t<\/div>\n\t\t\t\t<div class=\"elementor-column elementor-col-33 elementor-inner-column elementor-element elementor-element-c61a550\" data-id=\"c61a550\" data-element_type=\"column\">\n\t\t\t<div class=\"elementor-column-wrap elementor-element-populated\">\n\t\t\t\t\t\t\t<div class=\"elementor-widget-wrap\">\n\t\t\t\t\t\t<div class=\"elementor-element elementor-element-2b81cce elementor-vertical-align-middle elementor-view-default elementor-position-top elementor-invisible elementor-widget elementor-widget-icon-box\" data-id=\"2b81cce\" data-element_type=\"widget\" data-settings=\"{&quot;_animation&quot;:&quot;none&quot;}\" data-widget_type=\"icon-box.default\">\n\t\t\t\t<div class=\"elementor-widget-container\">\n\t\t\t\t\t<div class=\"elementor-icon-box-wrapper\">\n\t\t\t\t\t\t<div class=\"elementor-icon-box-icon\">\n\t\t\t\t<a class=\"elementor-icon elementor-animation-grow\" href=\"https:\/\/www.youtube.com\/watch?v=BgwMUKWY-2s&#038;fbclid=IwAR1V7xM05KayXtBqRDKOelWfSwRH0c2GX8kpkWOO6prR8_Etr3wUSqHybz4&#038;ab_channel=MysticProductionTV\" target=\"_blank\">\n\t\t\t\t<i aria-hidden=\"true\" class=\"fab fa-youtube\"><\/i>\t\t\t\t<\/a>\n\t\t\t<\/div>\n\t\t\t\t\t\t<div class=\"elementor-icon-box-content\">\n\t\t\t\t<h3 class=\"elementor-icon-box-title\">\n\t\t\t\t\t<a href=\"https:\/\/www.youtube.com\/watch?v=BgwMUKWY-2s&#038;fbclid=IwAR1V7xM05KayXtBqRDKOelWfSwRH0c2GX8kpkWOO6prR8_Etr3wUSqHybz4&#038;ab_channel=MysticProductionTV\" target=\"_blank\">Youtube <\/a>\n\t\t\t\t<\/h3>\n\t\t\t\t\t\t\t<\/div>\n\t\t<\/div>\n\t\t\t\t<\/div>\n\t\t\t\t<\/div>\n\t\t\t\t\t\t<\/div>\n\t\t\t\t\t<\/div>\n\t\t<\/div>\n\t\t\t\t\t\t\t\t<\/div>\n\t\t\t\t\t<\/div>\n\t\t<\/section>\n\t\t\t\t\t\t<\/div>\n\t\t\t\t\t<\/div>\n\t\t<\/div>\n\t\t\t\t\t\t\t\t<\/div>\n\t\t\t\t\t<\/div>\n\t\t<\/section>\n\t\t\t\t\t\t<\/div>\n\t\t\t\t\t\t<\/div>\n\t\t\t\t\t<\/div>\n\t\t","protected":false},"excerpt":{"rendered":"<p>DEBIUTANCKA P\u0141YTA INGAZI TCHNIENIA Ingazi to muzyka inspirowana duchem poezji czarnej Afryki z lat 40., 50. i 60. XX wieku. Polskie t\u0142umaczenia tekst\u00f3w z Senegalu, Nigerii i Ghany, wkomponowane w nowoczesne elektroniczne brzmienia, poruszaj\u0105 aktualno\u015bci\u0105 i nios\u0105 uniwersalne egzystencjalne przes\u0142anie. W muzyce wykorzystano rdzenne afryka\u0144skie instrumentarium \u2013 miedzy innymi ngoni, bolon, balafon oraz oryginaln\u0105 manier\u0119&hellip;&nbsp;<a href=\"http:\/\/praczas.com\/?page_id=291\" class=\"\" rel=\"bookmark\">Czytaj wi\u0119cej &raquo;<span class=\"screen-reader-text\">INGAZI<\/span><\/a><\/p>\n","protected":false},"author":1,"featured_media":0,"parent":0,"menu_order":0,"comment_status":"closed","ping_status":"closed","template":"page-templates\/template-pagebuilder-full-width.php","meta":{"neve_meta_sidebar":"","neve_meta_container":"","neve_meta_enable_content_width":"","neve_meta_content_width":70,"neve_meta_title_alignment":"","neve_meta_author_avatar":"","neve_post_elements_order":"","neve_meta_disable_header":"","neve_meta_disable_footer":"","neve_meta_disable_title":""},"yoast_head":"<!-- This site is optimized with the Yoast SEO plugin v15.0 - https:\/\/yoast.com\/wordpress\/plugins\/seo\/ -->\n<title>INGAZI &gt; PRACZAS<\/title>\n<meta name=\"robots\" content=\"index, follow, max-snippet:-1, max-image-preview:large, max-video-preview:-1\" \/>\n<link rel=\"canonical\" href=\"http:\/\/praczas.com\/?page_id=291\" \/>\n<meta property=\"og:locale\" content=\"pl_PL\" \/>\n<meta property=\"og:type\" content=\"article\" \/>\n<meta property=\"og:title\" content=\"INGAZI &gt; PRACZAS\" \/>\n<meta property=\"og:description\" content=\"DEBIUTANCKA P\u0141YTA INGAZI TCHNIENIA Ingazi to muzyka inspirowana duchem poezji czarnej Afryki z lat 40., 50. i 60. XX wieku. Polskie t\u0142umaczenia tekst\u00f3w z Senegalu, Nigerii i Ghany, wkomponowane w nowoczesne elektroniczne brzmienia, poruszaj\u0105 aktualno\u015bci\u0105 i nios\u0105 uniwersalne egzystencjalne przes\u0142anie. W muzyce wykorzystano rdzenne afryka\u0144skie instrumentarium \u2013 miedzy innymi ngoni, bolon, balafon oraz oryginaln\u0105 manier\u0119&hellip;&nbsp;Czytaj wi\u0119cej &raquo;INGAZI\" \/>\n<meta property=\"og:url\" content=\"http:\/\/praczas.com\/?page_id=291\" \/>\n<meta property=\"og:site_name\" content=\"PRACZAS\" \/>\n<meta property=\"article:modified_time\" content=\"2020-09-06T11:54:05+00:00\" \/>\n<meta property=\"og:image\" content=\"http:\/\/praczas.com\/wp-content\/uploads\/2020\/09\/INGAZI_front_net-1024x1024.jpg\" \/>\n<meta name=\"twitter:card\" content=\"summary_large_image\" \/>\n<script type=\"application\/ld+json\" class=\"yoast-schema-graph\">{\"@context\":\"https:\/\/schema.org\",\"@graph\":[{\"@type\":[\"Person\",\"Organization\"],\"@id\":\"http:\/\/praczas.com\/#\/schema\/person\/e698a84ace1cc83432bc2576cdac5cd4\",\"name\":\"PRACZAS\",\"image\":{\"@type\":\"ImageObject\",\"@id\":\"http:\/\/praczas.com\/#personlogo\",\"inLanguage\":\"pl-PL\",\"url\":\"http:\/\/2.gravatar.com\/avatar\/bf61160c091ced6205be75fe28a68479?s=96&d=mm&r=g\",\"caption\":\"PRACZAS\"},\"logo\":{\"@id\":\"http:\/\/praczas.com\/#personlogo\"}},{\"@type\":\"WebSite\",\"@id\":\"http:\/\/praczas.com\/#website\",\"url\":\"http:\/\/praczas.com\/\",\"name\":\"PRACZAS\",\"description\":\"OPUS MINIMUM\",\"publisher\":{\"@id\":\"http:\/\/praczas.com\/#\/schema\/person\/e698a84ace1cc83432bc2576cdac5cd4\"},\"potentialAction\":[{\"@type\":\"SearchAction\",\"target\":\"http:\/\/praczas.com\/?s={search_term_string}\",\"query-input\":\"required name=search_term_string\"}],\"inLanguage\":\"pl-PL\"},{\"@type\":\"ImageObject\",\"@id\":\"http:\/\/praczas.com\/?page_id=291#primaryimage\",\"inLanguage\":\"pl-PL\",\"url\":\"http:\/\/praczas.com\/wp-content\/uploads\/2020\/09\/INGAZI_front_net.jpg\",\"width\":1200,\"height\":1200},{\"@type\":\"WebPage\",\"@id\":\"http:\/\/praczas.com\/?page_id=291#webpage\",\"url\":\"http:\/\/praczas.com\/?page_id=291\",\"name\":\"INGAZI &gt; PRACZAS\",\"isPartOf\":{\"@id\":\"http:\/\/praczas.com\/#website\"},\"primaryImageOfPage\":{\"@id\":\"http:\/\/praczas.com\/?page_id=291#primaryimage\"},\"datePublished\":\"2020-09-06T11:23:05+00:00\",\"dateModified\":\"2020-09-06T11:54:05+00:00\",\"inLanguage\":\"pl-PL\",\"potentialAction\":[{\"@type\":\"ReadAction\",\"target\":[\"http:\/\/praczas.com\/?page_id=291\"]}]}]}<\/script>\n<!-- \/ Yoast SEO plugin. -->","_links":{"self":[{"href":"http:\/\/praczas.com\/index.php?rest_route=\/wp\/v2\/pages\/291"}],"collection":[{"href":"http:\/\/praczas.com\/index.php?rest_route=\/wp\/v2\/pages"}],"about":[{"href":"http:\/\/praczas.com\/index.php?rest_route=\/wp\/v2\/types\/page"}],"author":[{"embeddable":true,"href":"http:\/\/praczas.com\/index.php?rest_route=\/wp\/v2\/users\/1"}],"replies":[{"embeddable":true,"href":"http:\/\/praczas.com\/index.php?rest_route=%2Fwp%2Fv2%2Fcomments&post=291"}],"version-history":[{"count":10,"href":"http:\/\/praczas.com\/index.php?rest_route=\/wp\/v2\/pages\/291\/revisions"}],"predecessor-version":[{"id":304,"href":"http:\/\/praczas.com\/index.php?rest_route=\/wp\/v2\/pages\/291\/revisions\/304"}],"wp:attachment":[{"href":"http:\/\/praczas.com\/index.php?rest_route=%2Fwp%2Fv2%2Fmedia&parent=291"}],"curies":[{"name":"wp","href":"https:\/\/api.w.org\/{rel}","templated":true}]}}