{"id":311,"date":"2020-09-06T14:19:28","date_gmt":"2020-09-06T14:19:28","guid":{"rendered":"http:\/\/praczas.com\/?page_id=311"},"modified":"2020-09-24T11:46:05","modified_gmt":"2020-09-24T11:46:05","slug":"pablopavo-iwanek-praczas","status":"publish","type":"page","link":"http:\/\/praczas.com\/?page_id=311","title":{"rendered":"PABLOPAVO IWANEK PRACZAS &#8211; WIR"},"content":{"rendered":"\t\t<div data-elementor-type=\"wp-post\" data-elementor-id=\"311\" class=\"elementor elementor-311\" data-elementor-settings=\"[]\">\n\t\t\t\t\t\t<div class=\"elementor-inner\">\n\t\t\t\t\t\t\t<div class=\"elementor-section-wrap\">\n\t\t\t\t\t\t\t<section class=\"elementor-section elementor-top-section elementor-element elementor-element-c569b30 elementor-section-boxed elementor-section-height-default elementor-section-height-default\" data-id=\"c569b30\" data-element_type=\"section\" data-settings=\"{&quot;background_background&quot;:&quot;classic&quot;}\">\n\t\t\t\t\t\t\t<div class=\"elementor-background-overlay\"><\/div>\n\t\t\t\t\t\t\t<div class=\"elementor-container elementor-column-gap-default\">\n\t\t\t\t\t\t\t<div class=\"elementor-row\">\n\t\t\t\t\t<div class=\"elementor-column elementor-col-100 elementor-top-column elementor-element elementor-element-c59bf79\" data-id=\"c59bf79\" data-element_type=\"column\" data-settings=\"{&quot;background_background&quot;:&quot;classic&quot;}\">\n\t\t\t<div class=\"elementor-column-wrap elementor-element-populated\">\n\t\t\t\t\t\t\t<div class=\"elementor-widget-wrap\">\n\t\t\t\t\t\t<section class=\"elementor-section elementor-inner-section elementor-element elementor-element-1458262 elementor-section-boxed elementor-section-height-default elementor-section-height-default\" data-id=\"1458262\" data-element_type=\"section\">\n\t\t\t\t\t\t<div class=\"elementor-container elementor-column-gap-default\">\n\t\t\t\t\t\t\t<div class=\"elementor-row\">\n\t\t\t\t\t<div class=\"elementor-column elementor-col-50 elementor-inner-column elementor-element elementor-element-a68c26e\" data-id=\"a68c26e\" data-element_type=\"column\">\n\t\t\t<div class=\"elementor-column-wrap elementor-element-populated\">\n\t\t\t\t\t\t\t<div class=\"elementor-widget-wrap\">\n\t\t\t\t\t\t<div class=\"elementor-element elementor-element-33ec010 elementor-widget elementor-widget-image\" data-id=\"33ec010\" data-element_type=\"widget\" data-widget_type=\"image.default\">\n\t\t\t\t<div class=\"elementor-widget-container\">\n\t\t\t\t\t<div class=\"elementor-image\">\n\t\t\t\t\t\t\t\t\t\t<img width=\"1024\" height=\"1024\" src=\"http:\/\/praczas.com\/wp-content\/uploads\/2020\/09\/pip-wir-1024x1024.jpg\" class=\"attachment-large size-large\" alt=\"\" loading=\"lazy\" srcset=\"http:\/\/praczas.com\/wp-content\/uploads\/2020\/09\/pip-wir-1024x1024.jpg 1024w, http:\/\/praczas.com\/wp-content\/uploads\/2020\/09\/pip-wir-300x300.jpg 300w, http:\/\/praczas.com\/wp-content\/uploads\/2020\/09\/pip-wir-150x150.jpg 150w, http:\/\/praczas.com\/wp-content\/uploads\/2020\/09\/pip-wir-768x768.jpg 768w, http:\/\/praczas.com\/wp-content\/uploads\/2020\/09\/pip-wir-1536x1536.jpg 1536w, http:\/\/praczas.com\/wp-content\/uploads\/2020\/09\/pip-wir.jpg 1600w\" sizes=\"(max-width: 1024px) 100vw, 1024px\" \/>\t\t\t\t\t\t\t\t\t\t\t<\/div>\n\t\t\t\t<\/div>\n\t\t\t\t<\/div>\n\t\t\t\t\t\t<\/div>\n\t\t\t\t\t<\/div>\n\t\t<\/div>\n\t\t\t\t<div class=\"elementor-column elementor-col-50 elementor-inner-column elementor-element elementor-element-b1f83e4\" data-id=\"b1f83e4\" data-element_type=\"column\">\n\t\t\t<div class=\"elementor-column-wrap elementor-element-populated\">\n\t\t\t\t\t\t\t<div class=\"elementor-widget-wrap\">\n\t\t\t\t\t\t<div class=\"elementor-element elementor-element-5ad7da1 elementor-widget elementor-widget-heading\" data-id=\"5ad7da1\" data-element_type=\"widget\" data-widget_type=\"heading.default\">\n\t\t\t\t<div class=\"elementor-widget-container\">\n\t\t\t<div class=\"elementor-heading-title elementor-size-default\">PABLOPAVO IWANEK PRACZAS<\/div>\t\t<\/div>\n\t\t\t\t<\/div>\n\t\t\t\t<div class=\"elementor-element elementor-element-3fb1297 elementor-widget elementor-widget-heading\" data-id=\"3fb1297\" data-element_type=\"widget\" data-widget_type=\"heading.default\">\n\t\t\t\t<div class=\"elementor-widget-container\">\n\t\t\t<h1 class=\"elementor-heading-title elementor-size-default\">WIR<\/h1>\t\t<\/div>\n\t\t\t\t<\/div>\n\t\t\t\t<div class=\"elementor-element elementor-element-8056a64 elementor-widget elementor-widget-spacer\" data-id=\"8056a64\" data-element_type=\"widget\" data-widget_type=\"spacer.default\">\n\t\t\t\t<div class=\"elementor-widget-container\">\n\t\t\t\t\t<div class=\"elementor-spacer\">\n\t\t\t<div class=\"elementor-spacer-inner\"><\/div>\n\t\t<\/div>\n\t\t\t\t<\/div>\n\t\t\t\t<\/div>\n\t\t\t\t<div class=\"elementor-element elementor-element-7d511ac elementor-widget elementor-widget-text-editor\" data-id=\"7d511ac\" data-element_type=\"widget\" data-widget_type=\"text-editor.default\">\n\t\t\t\t<div class=\"elementor-widget-container\">\n\t\t\t\t\t<div class=\"elementor-text-editor elementor-clearfix\"><p>To by\u0107 mo\u017ce najdziwniejsza p\u0142yta w jakiej nagrywaniu bra\u0142em udzia\u0142. Par\u0119 lat temu zrobili\u015bmy z Praczasem &#8222;G\u0142odne Kawa\u0142ki&#8221;, rzecz z wyra\u017anym pulsem, bitow\u0105 wr\u0119cz. W tym roku postanowili\u015bmy wr\u00f3ci\u0107 do wsp\u00f3lnej pracy, ale poniewa\u017c obaj nie lubimy si\u0119 powtarza\u0107, od razu powiedzieli\u015bmy sobie, \u017ce chcemy zrobi\u0107 co\u015b innego. Po pierwsze &#8211; zdecydowali\u015bmy si\u0119 zaprosi\u0107 do wsp\u00f3\u0142pracy Ani\u0119 Iwanek, dziewczyn\u0119 o pi\u0119knym g\u0142osie i gro\u017anym sercu. Kto zna ostatni\u0105 p\u0142yt\u0119 Ludzik\u00f3w, ten mia\u0142 okazj\u0119 si\u0119 przekona\u0107. Ania \u015bpiewa te\u017c w Rubber Dots i z sound systemem 6T&#8217;s Club.<\/p><p>Z duetu stali\u015bmy si\u0119 trio. Muzyka te\u017c jest inna. Ci, kt\u00f3rzy s\u0142uchali nagra\u0144 w trakcie naszych prac m\u00f3wi\u0105, \u017ce to najbardziej awangardowa rzecz jak\u0105 zrobi\u0142em. A chwil\u0119 potem dodaj\u0105: ale i najbardziej popowa. Sami nie wiemy co o tym my\u015ble\u0107, podobnie jak nie mamy poj\u0119cia co to za gatunek muzyczny. Pierwszy klip pojechali\u015bmy kr\u0119ci\u0107 na Lofoty czyli p\u00f3\u0142noc Norwegii, gdzie zorza polarna jest cz\u0119stszym widokiem ni\u017c s\u0142oneczny dzie\u0144. I to by\u0107 mo\u017ce jest jaki\u015b trop.<\/p><p>\u00a0<\/p><\/div>\n\t\t\t\t<\/div>\n\t\t\t\t<\/div>\n\t\t\t\t\t\t<\/div>\n\t\t\t\t\t<\/div>\n\t\t<\/div>\n\t\t\t\t\t\t\t\t<\/div>\n\t\t\t\t\t<\/div>\n\t\t<\/section>\n\t\t\t\t<div class=\"elementor-element elementor-element-3a4053e elementor-widget elementor-widget-spacer\" data-id=\"3a4053e\" data-element_type=\"widget\" data-widget_type=\"spacer.default\">\n\t\t\t\t<div class=\"elementor-widget-container\">\n\t\t\t\t\t<div class=\"elementor-spacer\">\n\t\t\t<div class=\"elementor-spacer-inner\"><\/div>\n\t\t<\/div>\n\t\t\t\t<\/div>\n\t\t\t\t<\/div>\n\t\t\t\t<section class=\"elementor-section elementor-inner-section elementor-element elementor-element-2e904bb elementor-section-boxed elementor-section-height-default elementor-section-height-default\" data-id=\"2e904bb\" data-element_type=\"section\">\n\t\t\t\t\t\t<div class=\"elementor-container elementor-column-gap-default\">\n\t\t\t\t\t\t\t<div class=\"elementor-row\">\n\t\t\t\t\t<div class=\"elementor-column elementor-col-33 elementor-inner-column elementor-element elementor-element-281ace6\" data-id=\"281ace6\" data-element_type=\"column\">\n\t\t\t<div class=\"elementor-column-wrap elementor-element-populated\">\n\t\t\t\t\t\t\t<div class=\"elementor-widget-wrap\">\n\t\t\t\t\t\t<div class=\"elementor-element elementor-element-9238d72 elementor-vertical-align-middle elementor-view-default elementor-position-top elementor-widget elementor-widget-icon-box\" data-id=\"9238d72\" data-element_type=\"widget\" data-widget_type=\"icon-box.default\">\n\t\t\t\t<div class=\"elementor-widget-container\">\n\t\t\t\t\t<div class=\"elementor-icon-box-wrapper\">\n\t\t\t\t\t\t<div class=\"elementor-icon-box-icon\">\n\t\t\t\t<a class=\"elementor-icon elementor-animation-grow\" href=\"https:\/\/open.spotify.com\/album\/6MulKclBLSxuRMM3Mc9yx0?si=hF38vpSMRpyx_BdRv06AiA\" target=\"_blank\">\n\t\t\t\t<i aria-hidden=\"true\" class=\"fab fa-spotify\"><\/i>\t\t\t\t<\/a>\n\t\t\t<\/div>\n\t\t\t\t\t\t<div class=\"elementor-icon-box-content\">\n\t\t\t\t<h3 class=\"elementor-icon-box-title\">\n\t\t\t\t\t<a href=\"https:\/\/open.spotify.com\/album\/6MulKclBLSxuRMM3Mc9yx0?si=hF38vpSMRpyx_BdRv06AiA\" target=\"_blank\">Spotify<\/a>\n\t\t\t\t<\/h3>\n\t\t\t\t\t\t\t<\/div>\n\t\t<\/div>\n\t\t\t\t<\/div>\n\t\t\t\t<\/div>\n\t\t\t\t\t\t<\/div>\n\t\t\t\t\t<\/div>\n\t\t<\/div>\n\t\t\t\t<div class=\"elementor-column elementor-col-33 elementor-inner-column elementor-element elementor-element-31638da\" data-id=\"31638da\" data-element_type=\"column\">\n\t\t\t<div class=\"elementor-column-wrap elementor-element-populated\">\n\t\t\t\t\t\t\t<div class=\"elementor-widget-wrap\">\n\t\t\t\t\t\t<div class=\"elementor-element elementor-element-16b361d elementor-vertical-align-middle elementor-view-default elementor-position-top elementor-widget elementor-widget-icon-box\" data-id=\"16b361d\" data-element_type=\"widget\" data-widget_type=\"icon-box.default\">\n\t\t\t\t<div class=\"elementor-widget-container\">\n\t\t\t\t\t<div class=\"elementor-icon-box-wrapper\">\n\t\t\t\t\t\t<div class=\"elementor-icon-box-icon\">\n\t\t\t\t<a class=\"elementor-icon elementor-animation-grow\" href=\"https:\/\/www.facebook.com\/pablopavoiwanekpraczas\/\" target=\"_blank\">\n\t\t\t\t<i aria-hidden=\"true\" class=\"fab fa-facebook-square\"><\/i>\t\t\t\t<\/a>\n\t\t\t<\/div>\n\t\t\t\t\t\t<div class=\"elementor-icon-box-content\">\n\t\t\t\t<h3 class=\"elementor-icon-box-title\">\n\t\t\t\t\t<a href=\"https:\/\/www.facebook.com\/pablopavoiwanekpraczas\/\" target=\"_blank\">FACEBOOK<\/a>\n\t\t\t\t<\/h3>\n\t\t\t\t\t\t\t<\/div>\n\t\t<\/div>\n\t\t\t\t<\/div>\n\t\t\t\t<\/div>\n\t\t\t\t\t\t<\/div>\n\t\t\t\t\t<\/div>\n\t\t<\/div>\n\t\t\t\t<div class=\"elementor-column elementor-col-33 elementor-inner-column elementor-element elementor-element-c61a550\" data-id=\"c61a550\" data-element_type=\"column\">\n\t\t\t<div class=\"elementor-column-wrap elementor-element-populated\">\n\t\t\t\t\t\t\t<div class=\"elementor-widget-wrap\">\n\t\t\t\t\t\t<div class=\"elementor-element elementor-element-2b81cce elementor-vertical-align-middle elementor-view-default elementor-position-top elementor-invisible elementor-widget elementor-widget-icon-box\" data-id=\"2b81cce\" data-element_type=\"widget\" data-settings=\"{&quot;_animation&quot;:&quot;none&quot;}\" data-widget_type=\"icon-box.default\">\n\t\t\t\t<div class=\"elementor-widget-container\">\n\t\t\t\t\t<div class=\"elementor-icon-box-wrapper\">\n\t\t\t\t\t\t<div class=\"elementor-icon-box-icon\">\n\t\t\t\t<a class=\"elementor-icon elementor-animation-grow\" href=\"https:\/\/www.youtube.com\/watch?v=z-XZUh1dUWE&#038;ab_channel=karrotkommando\" target=\"_blank\">\n\t\t\t\t<i aria-hidden=\"true\" class=\"fab fa-youtube\"><\/i>\t\t\t\t<\/a>\n\t\t\t<\/div>\n\t\t\t\t\t\t<div class=\"elementor-icon-box-content\">\n\t\t\t\t<h3 class=\"elementor-icon-box-title\">\n\t\t\t\t\t<a href=\"https:\/\/www.youtube.com\/watch?v=z-XZUh1dUWE&#038;ab_channel=karrotkommando\" target=\"_blank\">Youtube <\/a>\n\t\t\t\t<\/h3>\n\t\t\t\t\t\t\t<\/div>\n\t\t<\/div>\n\t\t\t\t<\/div>\n\t\t\t\t<\/div>\n\t\t\t\t\t\t<\/div>\n\t\t\t\t\t<\/div>\n\t\t<\/div>\n\t\t\t\t\t\t\t\t<\/div>\n\t\t\t\t\t<\/div>\n\t\t<\/section>\n\t\t\t\t\t\t<\/div>\n\t\t\t\t\t<\/div>\n\t\t<\/div>\n\t\t\t\t\t\t\t\t<\/div>\n\t\t\t\t\t<\/div>\n\t\t<\/section>\n\t\t\t\t<section class=\"elementor-section elementor-inner-section elementor-element elementor-element-553c0e6 elementor-section-boxed elementor-section-height-default elementor-section-height-default\" data-id=\"553c0e6\" data-element_type=\"section\">\n\t\t\t\t\t\t<div class=\"elementor-container elementor-column-gap-default\">\n\t\t\t\t\t\t\t<div class=\"elementor-row\">\n\t\t\t\t\t<div class=\"elementor-column elementor-col-100 elementor-inner-column elementor-element elementor-element-b681e20\" data-id=\"b681e20\" data-element_type=\"column\">\n\t\t\t<div class=\"elementor-column-wrap elementor-element-populated\">\n\t\t\t\t\t\t\t<div class=\"elementor-widget-wrap\">\n\t\t\t\t\t\t<div class=\"elementor-element elementor-element-14086fe elementor-tabs-view-horizontal elementor-widget elementor-widget-tabs\" data-id=\"14086fe\" data-element_type=\"widget\" data-widget_type=\"tabs.default\">\n\t\t\t\t<div class=\"elementor-widget-container\">\n\t\t\t\t\t<div class=\"elementor-tabs\" role=\"tablist\">\n\t\t\t<div class=\"elementor-tabs-wrapper\">\n\t\t\t\t\t\t\t\t\t<div id=\"elementor-tab-title-2101\" class=\"elementor-tab-title elementor-tab-desktop-title\" data-tab=\"1\" role=\"tab\" aria-controls=\"elementor-tab-content-2101\"><a href=\"\">Video<\/a><\/div>\n\t\t\t\t\t\t\t\t\t<div id=\"elementor-tab-title-2102\" class=\"elementor-tab-title elementor-tab-desktop-title\" data-tab=\"2\" role=\"tab\" aria-controls=\"elementor-tab-content-2102\"><a href=\"\">SZCZEG\u00d3\u0141Y<\/a><\/div>\n\t\t\t\t\t\t\t<\/div>\n\t\t\t<div class=\"elementor-tabs-content-wrapper\">\n\t\t\t\t\t\t\t\t\t<div class=\"elementor-tab-title elementor-tab-mobile-title\" data-tab=\"1\" role=\"tab\">Video<\/div>\n\t\t\t\t\t<div id=\"elementor-tab-content-2101\" class=\"elementor-tab-content elementor-clearfix\" data-tab=\"1\" role=\"tabpanel\" aria-labelledby=\"elementor-tab-title-2101\"><p><div class=\"nv-iframe-embed\"><iframe title=\"Pablopavo  Iwanek  Praczas   Pa\u017adziernikowy facet (Official Video)\" width=\"1200\" height=\"675\" src=\"https:\/\/www.youtube.com\/embed\/z-XZUh1dUWE?feature=oembed\" frameborder=\"0\" allow=\"accelerometer; autoplay; clipboard-write; encrypted-media; gyroscope; picture-in-picture\" allowfullscreen><\/iframe><\/div><\/p><\/div>\n\t\t\t\t\t\t\t\t\t<div class=\"elementor-tab-title elementor-tab-mobile-title\" data-tab=\"2\" role=\"tab\">SZCZEG\u00d3\u0141Y<\/div>\n\t\t\t\t\t<div id=\"elementor-tab-content-2102\" class=\"elementor-tab-content elementor-clearfix\" data-tab=\"2\" role=\"tabpanel\" aria-labelledby=\"elementor-tab-title-2102\"><p>Re\u017cyseria: Ada Kornecka <br \/>Operator: Emanuela Osowska <br \/>Obsada: Ilona Wi\u015bniewska, Birger Amundsen oraz Pablopavo \/ Iwanek \/ Praczas <br \/>Monta\u017c: Tomasz Gogol <br \/>Kolorkorekcja: Micha\u0142 Kowalski On Line: Przemys\u0142aw Drosik <br \/>Postprodukcja: LocoMotive <br \/>Tekst: Pablopavo <br \/>Muzyka i mix: Praczas <br \/>Nagranie wokali: Mothashipp (Western Jive) <br \/>Master: Studio As One<\/p><\/div>\n\t\t\t\t\t\t\t<\/div>\n\t\t<\/div>\n\t\t\t\t<\/div>\n\t\t\t\t<\/div>\n\t\t\t\t\t\t<\/div>\n\t\t\t\t\t<\/div>\n\t\t<\/div>\n\t\t\t\t\t\t\t\t<\/div>\n\t\t\t\t\t<\/div>\n\t\t<\/section>\n\t\t\t\t\t\t<\/div>\n\t\t\t\t\t\t<\/div>\n\t\t\t\t\t<\/div>\n\t\t","protected":false},"excerpt":{"rendered":"<p>PABLOPAVO IWANEK PRACZAS WIR To by\u0107 mo\u017ce najdziwniejsza p\u0142yta w jakiej nagrywaniu bra\u0142em udzia\u0142. Par\u0119 lat temu zrobili\u015bmy z Praczasem &#8222;G\u0142odne Kawa\u0142ki&#8221;, rzecz z wyra\u017anym pulsem, bitow\u0105 wr\u0119cz. W tym roku postanowili\u015bmy wr\u00f3ci\u0107 do wsp\u00f3lnej pracy, ale poniewa\u017c obaj nie lubimy si\u0119 powtarza\u0107, od razu powiedzieli\u015bmy sobie, \u017ce chcemy zrobi\u0107 co\u015b innego. Po pierwsze &#8211;&hellip;&nbsp;<a href=\"http:\/\/praczas.com\/?page_id=311\" class=\"\" rel=\"bookmark\">Czytaj wi\u0119cej &raquo;<span class=\"screen-reader-text\">PABLOPAVO IWANEK PRACZAS &#8211; WIR<\/span><\/a><\/p>\n","protected":false},"author":1,"featured_media":0,"parent":0,"menu_order":0,"comment_status":"closed","ping_status":"closed","template":"page-templates\/template-pagebuilder-full-width.php","meta":{"neve_meta_sidebar":"","neve_meta_container":"","neve_meta_enable_content_width":"","neve_meta_content_width":70,"neve_meta_title_alignment":"","neve_meta_author_avatar":"","neve_post_elements_order":"","neve_meta_disable_header":"","neve_meta_disable_footer":"","neve_meta_disable_title":""},"yoast_head":"<!-- This site is optimized with the Yoast SEO plugin v15.0 - https:\/\/yoast.com\/wordpress\/plugins\/seo\/ -->\n<title>PABLOPAVO IWANEK PRACZAS - WIR &gt; PRACZAS<\/title>\n<meta name=\"robots\" content=\"index, follow, max-snippet:-1, max-image-preview:large, max-video-preview:-1\" \/>\n<link rel=\"canonical\" href=\"http:\/\/praczas.com\/?page_id=311\" \/>\n<meta property=\"og:locale\" content=\"pl_PL\" \/>\n<meta property=\"og:type\" content=\"article\" \/>\n<meta property=\"og:title\" content=\"PABLOPAVO IWANEK PRACZAS - WIR &gt; PRACZAS\" \/>\n<meta property=\"og:description\" content=\"PABLOPAVO IWANEK PRACZAS WIR To by\u0107 mo\u017ce najdziwniejsza p\u0142yta w jakiej nagrywaniu bra\u0142em udzia\u0142. Par\u0119 lat temu zrobili\u015bmy z Praczasem &#8222;G\u0142odne Kawa\u0142ki&#8221;, rzecz z wyra\u017anym pulsem, bitow\u0105 wr\u0119cz. W tym roku postanowili\u015bmy wr\u00f3ci\u0107 do wsp\u00f3lnej pracy, ale poniewa\u017c obaj nie lubimy si\u0119 powtarza\u0107, od razu powiedzieli\u015bmy sobie, \u017ce chcemy zrobi\u0107 co\u015b innego. Po pierwsze &#8211;&hellip;&nbsp;Czytaj wi\u0119cej &raquo;PABLOPAVO IWANEK PRACZAS &#8211; WIR\" \/>\n<meta property=\"og:url\" content=\"http:\/\/praczas.com\/?page_id=311\" \/>\n<meta property=\"og:site_name\" content=\"PRACZAS\" \/>\n<meta property=\"article:modified_time\" content=\"2020-09-24T11:46:05+00:00\" \/>\n<meta property=\"og:image\" content=\"http:\/\/praczas.com\/wp-content\/uploads\/2020\/09\/pip-wir-1024x1024.jpg\" \/>\n<meta name=\"twitter:card\" content=\"summary_large_image\" \/>\n<script type=\"application\/ld+json\" class=\"yoast-schema-graph\">{\"@context\":\"https:\/\/schema.org\",\"@graph\":[{\"@type\":[\"Person\",\"Organization\"],\"@id\":\"http:\/\/praczas.com\/#\/schema\/person\/e698a84ace1cc83432bc2576cdac5cd4\",\"name\":\"PRACZAS\",\"image\":{\"@type\":\"ImageObject\",\"@id\":\"http:\/\/praczas.com\/#personlogo\",\"inLanguage\":\"pl-PL\",\"url\":\"http:\/\/2.gravatar.com\/avatar\/bf61160c091ced6205be75fe28a68479?s=96&d=mm&r=g\",\"caption\":\"PRACZAS\"},\"logo\":{\"@id\":\"http:\/\/praczas.com\/#personlogo\"}},{\"@type\":\"WebSite\",\"@id\":\"http:\/\/praczas.com\/#website\",\"url\":\"http:\/\/praczas.com\/\",\"name\":\"PRACZAS\",\"description\":\"OPUS MINIMUM\",\"publisher\":{\"@id\":\"http:\/\/praczas.com\/#\/schema\/person\/e698a84ace1cc83432bc2576cdac5cd4\"},\"potentialAction\":[{\"@type\":\"SearchAction\",\"target\":\"http:\/\/praczas.com\/?s={search_term_string}\",\"query-input\":\"required name=search_term_string\"}],\"inLanguage\":\"pl-PL\"},{\"@type\":\"ImageObject\",\"@id\":\"http:\/\/praczas.com\/?page_id=311#primaryimage\",\"inLanguage\":\"pl-PL\",\"url\":\"http:\/\/praczas.com\/wp-content\/uploads\/2020\/09\/pip-wir.jpg\",\"width\":1600,\"height\":1600},{\"@type\":\"WebPage\",\"@id\":\"http:\/\/praczas.com\/?page_id=311#webpage\",\"url\":\"http:\/\/praczas.com\/?page_id=311\",\"name\":\"PABLOPAVO IWANEK PRACZAS - WIR &gt; PRACZAS\",\"isPartOf\":{\"@id\":\"http:\/\/praczas.com\/#website\"},\"primaryImageOfPage\":{\"@id\":\"http:\/\/praczas.com\/?page_id=311#primaryimage\"},\"datePublished\":\"2020-09-06T14:19:28+00:00\",\"dateModified\":\"2020-09-24T11:46:05+00:00\",\"inLanguage\":\"pl-PL\",\"potentialAction\":[{\"@type\":\"ReadAction\",\"target\":[\"http:\/\/praczas.com\/?page_id=311\"]}]}]}<\/script>\n<!-- \/ Yoast SEO plugin. -->","_links":{"self":[{"href":"http:\/\/praczas.com\/index.php?rest_route=\/wp\/v2\/pages\/311"}],"collection":[{"href":"http:\/\/praczas.com\/index.php?rest_route=\/wp\/v2\/pages"}],"about":[{"href":"http:\/\/praczas.com\/index.php?rest_route=\/wp\/v2\/types\/page"}],"author":[{"embeddable":true,"href":"http:\/\/praczas.com\/index.php?rest_route=\/wp\/v2\/users\/1"}],"replies":[{"embeddable":true,"href":"http:\/\/praczas.com\/index.php?rest_route=%2Fwp%2Fv2%2Fcomments&post=311"}],"version-history":[{"count":8,"href":"http:\/\/praczas.com\/index.php?rest_route=\/wp\/v2\/pages\/311\/revisions"}],"predecessor-version":[{"id":409,"href":"http:\/\/praczas.com\/index.php?rest_route=\/wp\/v2\/pages\/311\/revisions\/409"}],"wp:attachment":[{"href":"http:\/\/praczas.com\/index.php?rest_route=%2Fwp%2Fv2%2Fmedia&parent=311"}],"curies":[{"name":"wp","href":"https:\/\/api.w.org\/{rel}","templated":true}]}}