{"id":323,"date":"2020-09-06T14:39:29","date_gmt":"2020-09-06T14:39:29","guid":{"rendered":"http:\/\/praczas.com\/?page_id=323"},"modified":"2020-09-24T11:42:39","modified_gmt":"2020-09-24T11:42:39","slug":"pablopavo-praczas-glodne-kawalki","status":"publish","type":"page","link":"http:\/\/praczas.com\/?page_id=323","title":{"rendered":"PABLOPAVO I PRACZAS &#8211; G\u0141ODNE KAWA\u0141KI"},"content":{"rendered":"\t\t<div data-elementor-type=\"wp-post\" data-elementor-id=\"323\" class=\"elementor elementor-323\" data-elementor-settings=\"[]\">\n\t\t\t\t\t\t<div class=\"elementor-inner\">\n\t\t\t\t\t\t\t<div class=\"elementor-section-wrap\">\n\t\t\t\t\t\t\t<section class=\"elementor-section elementor-top-section elementor-element elementor-element-c569b30 elementor-section-boxed elementor-section-height-default elementor-section-height-default\" data-id=\"c569b30\" data-element_type=\"section\" data-settings=\"{&quot;background_background&quot;:&quot;classic&quot;}\">\n\t\t\t\t\t\t\t<div class=\"elementor-background-overlay\"><\/div>\n\t\t\t\t\t\t\t<div class=\"elementor-container elementor-column-gap-default\">\n\t\t\t\t\t\t\t<div class=\"elementor-row\">\n\t\t\t\t\t<div class=\"elementor-column elementor-col-100 elementor-top-column elementor-element elementor-element-c59bf79\" data-id=\"c59bf79\" data-element_type=\"column\" data-settings=\"{&quot;background_background&quot;:&quot;classic&quot;}\">\n\t\t\t<div class=\"elementor-column-wrap elementor-element-populated\">\n\t\t\t\t\t\t\t<div class=\"elementor-widget-wrap\">\n\t\t\t\t\t\t<section class=\"elementor-section elementor-inner-section elementor-element elementor-element-1458262 elementor-section-boxed elementor-section-height-default elementor-section-height-default\" data-id=\"1458262\" data-element_type=\"section\">\n\t\t\t\t\t\t<div class=\"elementor-container elementor-column-gap-default\">\n\t\t\t\t\t\t\t<div class=\"elementor-row\">\n\t\t\t\t\t<div class=\"elementor-column elementor-col-50 elementor-inner-column elementor-element elementor-element-a68c26e\" data-id=\"a68c26e\" data-element_type=\"column\">\n\t\t\t<div class=\"elementor-column-wrap elementor-element-populated\">\n\t\t\t\t\t\t\t<div class=\"elementor-widget-wrap\">\n\t\t\t\t\t\t<div class=\"elementor-element elementor-element-33ec010 elementor-widget elementor-widget-image\" data-id=\"33ec010\" data-element_type=\"widget\" data-widget_type=\"image.default\">\n\t\t\t\t<div class=\"elementor-widget-container\">\n\t\t\t\t\t<div class=\"elementor-image\">\n\t\t\t\t\t\t\t\t\t\t<img width=\"884\" height=\"799\" src=\"http:\/\/praczas.com\/wp-content\/uploads\/2020\/09\/Glodne-Kawalki.jpg\" class=\"attachment-large size-large\" alt=\"\" loading=\"lazy\" srcset=\"http:\/\/praczas.com\/wp-content\/uploads\/2020\/09\/Glodne-Kawalki.jpg 884w, http:\/\/praczas.com\/wp-content\/uploads\/2020\/09\/Glodne-Kawalki-300x271.jpg 300w, http:\/\/praczas.com\/wp-content\/uploads\/2020\/09\/Glodne-Kawalki-768x694.jpg 768w\" sizes=\"(max-width: 884px) 100vw, 884px\" \/>\t\t\t\t\t\t\t\t\t\t\t<\/div>\n\t\t\t\t<\/div>\n\t\t\t\t<\/div>\n\t\t\t\t\t\t<\/div>\n\t\t\t\t\t<\/div>\n\t\t<\/div>\n\t\t\t\t<div class=\"elementor-column elementor-col-50 elementor-inner-column elementor-element elementor-element-b1f83e4\" data-id=\"b1f83e4\" data-element_type=\"column\">\n\t\t\t<div class=\"elementor-column-wrap elementor-element-populated\">\n\t\t\t\t\t\t\t<div class=\"elementor-widget-wrap\">\n\t\t\t\t\t\t<div class=\"elementor-element elementor-element-5ad7da1 elementor-widget elementor-widget-heading\" data-id=\"5ad7da1\" data-element_type=\"widget\" data-widget_type=\"heading.default\">\n\t\t\t\t<div class=\"elementor-widget-container\">\n\t\t\t<div class=\"elementor-heading-title elementor-size-default\">PABLOPAVO i PRACZAS<\/div>\t\t<\/div>\n\t\t\t\t<\/div>\n\t\t\t\t<div class=\"elementor-element elementor-element-3fb1297 elementor-widget elementor-widget-heading\" data-id=\"3fb1297\" data-element_type=\"widget\" data-widget_type=\"heading.default\">\n\t\t\t\t<div class=\"elementor-widget-container\">\n\t\t\t<h1 class=\"elementor-heading-title elementor-size-default\">G\u0141ODNE KAWA\u0141KI<\/h1>\t\t<\/div>\n\t\t\t\t<\/div>\n\t\t\t\t<div class=\"elementor-element elementor-element-8056a64 elementor-widget elementor-widget-spacer\" data-id=\"8056a64\" data-element_type=\"widget\" data-widget_type=\"spacer.default\">\n\t\t\t\t<div class=\"elementor-widget-container\">\n\t\t\t\t\t<div class=\"elementor-spacer\">\n\t\t\t<div class=\"elementor-spacer-inner\"><\/div>\n\t\t<\/div>\n\t\t\t\t<\/div>\n\t\t\t\t<\/div>\n\t\t\t\t<div class=\"elementor-element elementor-element-7d511ac elementor-widget elementor-widget-text-editor\" data-id=\"7d511ac\" data-element_type=\"widget\" data-widget_type=\"text-editor.default\">\n\t\t\t\t<div class=\"elementor-widget-container\">\n\t\t\t\t\t<div class=\"elementor-text-editor elementor-clearfix\"><p>Pablopavo i Praczas to przedsi\u0119wzi\u0119cie obliczone na zysk. Artystyczny. Pablopavo i Praczas to spotkanie na szczytach w\u0142adzy. W\u0142adzy nad d\u017awi\u0119kiem i s\u0142owem. Jest to r\u00f3wnie\u017c spotkanie w dole &#8211; w dole basu, kt\u00f3ry przemieli Ci trzewia i w opowie\u015bciach z do\u0142u &#8211; o ludziach, kt\u00f3rzy nie trafiaj\u0105 na pierwsze strony gazet. Autorem ca\u0142ej muzyki na p\u0142ycie jest Praczas, przyw\u00f3dca Masali, Village Kollective, Sulphur Phuture. Producent i kierownik muzyczny w tym duecie. Pablopavo to wokalista i autor tekst\u00f3w w zespo\u0142ach: Vavamuffin, Pablopavo i Ludziki, Zjednoczenie sound system. Wielokrotnie nominowany do wielu sympatycznych nagr\u00f3d. Tutaj: autor wszystkich tekst\u00f3w i narrator wszystkich historii.<\/p><p>P\u0142yta &#8222;G\u0142odne Kawa\u0142ki&#8221; to mieszanina dw\u00f3ch temperament\u00f3w. To z jednej strony wariacka jazda bez trzymanki na szybkich basowych bitach, okraszona seriami s\u0142\u00f3w wyrzucanymi przez Pablo w tempie ka\u0142asznikowa, a z drugiej nastrojowa dubowa podr\u00f3\u017c przez pi\u0119kne d\u017awi\u0119ki i historie zapadaj\u0105ce w pami\u0119\u0107. A wszystko to doprawione go\u015bcinnym udzia\u0142em wielu mistrz\u00f3w instrument\u00f3w etnicznych z Indii, Bliskiego Wschodu, Polski i Ba\u0142kan\u00f3w. &#8222;G\u0142odne Kawa\u0142ki&#8221; Pablopavo i Praczasa to nowa jako\u015b\u0107 powsta\u0142a w wyniku zderzenia dw\u00f3ch talent\u00f3w, kt\u00f3rej nikt si\u0119 nie spodziewa\u0142.<\/p><\/div>\n\t\t\t\t<\/div>\n\t\t\t\t<\/div>\n\t\t\t\t\t\t<\/div>\n\t\t\t\t\t<\/div>\n\t\t<\/div>\n\t\t\t\t\t\t\t\t<\/div>\n\t\t\t\t\t<\/div>\n\t\t<\/section>\n\t\t\t\t<div class=\"elementor-element elementor-element-3a4053e elementor-widget elementor-widget-spacer\" data-id=\"3a4053e\" data-element_type=\"widget\" data-widget_type=\"spacer.default\">\n\t\t\t\t<div class=\"elementor-widget-container\">\n\t\t\t\t\t<div class=\"elementor-spacer\">\n\t\t\t<div class=\"elementor-spacer-inner\"><\/div>\n\t\t<\/div>\n\t\t\t\t<\/div>\n\t\t\t\t<\/div>\n\t\t\t\t<section class=\"elementor-section elementor-inner-section elementor-element elementor-element-2e904bb elementor-section-boxed elementor-section-height-default elementor-section-height-default\" data-id=\"2e904bb\" data-element_type=\"section\">\n\t\t\t\t\t\t<div class=\"elementor-container elementor-column-gap-default\">\n\t\t\t\t\t\t\t<div class=\"elementor-row\">\n\t\t\t\t\t<div class=\"elementor-column elementor-col-33 elementor-inner-column elementor-element elementor-element-281ace6\" data-id=\"281ace6\" data-element_type=\"column\">\n\t\t\t<div class=\"elementor-column-wrap elementor-element-populated\">\n\t\t\t\t\t\t\t<div class=\"elementor-widget-wrap\">\n\t\t\t\t\t\t<div class=\"elementor-element elementor-element-9238d72 elementor-vertical-align-middle elementor-view-default elementor-position-top elementor-widget elementor-widget-icon-box\" data-id=\"9238d72\" data-element_type=\"widget\" data-widget_type=\"icon-box.default\">\n\t\t\t\t<div class=\"elementor-widget-container\">\n\t\t\t\t\t<div class=\"elementor-icon-box-wrapper\">\n\t\t\t\t\t\t<div class=\"elementor-icon-box-icon\">\n\t\t\t\t<a class=\"elementor-icon elementor-animation-grow\" href=\"https:\/\/open.spotify.com\/album\/2invvAu11lMOXZv5TuXfzP?si=jnCQTB3ZQIattjKdOiNs8A\" target=\"_blank\">\n\t\t\t\t<i aria-hidden=\"true\" class=\"fab fa-spotify\"><\/i>\t\t\t\t<\/a>\n\t\t\t<\/div>\n\t\t\t\t\t\t<div class=\"elementor-icon-box-content\">\n\t\t\t\t<h3 class=\"elementor-icon-box-title\">\n\t\t\t\t\t<a href=\"https:\/\/open.spotify.com\/album\/2invvAu11lMOXZv5TuXfzP?si=jnCQTB3ZQIattjKdOiNs8A\" target=\"_blank\">Spotify<\/a>\n\t\t\t\t<\/h3>\n\t\t\t\t\t\t\t<\/div>\n\t\t<\/div>\n\t\t\t\t<\/div>\n\t\t\t\t<\/div>\n\t\t\t\t\t\t<\/div>\n\t\t\t\t\t<\/div>\n\t\t<\/div>\n\t\t\t\t<div class=\"elementor-column elementor-col-33 elementor-inner-column elementor-element elementor-element-31638da\" data-id=\"31638da\" data-element_type=\"column\">\n\t\t\t<div class=\"elementor-column-wrap elementor-element-populated\">\n\t\t\t\t\t\t\t<div class=\"elementor-widget-wrap\">\n\t\t\t\t\t\t<div class=\"elementor-element elementor-element-16b361d elementor-vertical-align-middle elementor-view-default elementor-position-top elementor-widget elementor-widget-icon-box\" data-id=\"16b361d\" data-element_type=\"widget\" data-widget_type=\"icon-box.default\">\n\t\t\t\t<div class=\"elementor-widget-container\">\n\t\t\t\t\t<div class=\"elementor-icon-box-wrapper\">\n\t\t\t\t\t\t<div class=\"elementor-icon-box-icon\">\n\t\t\t\t<a class=\"elementor-icon elementor-animation-grow\" href=\"https:\/\/www.facebook.com\/pablopavoiwanekpraczas\/\" target=\"_blank\">\n\t\t\t\t<i aria-hidden=\"true\" class=\"fab fa-facebook-square\"><\/i>\t\t\t\t<\/a>\n\t\t\t<\/div>\n\t\t\t\t\t\t<div class=\"elementor-icon-box-content\">\n\t\t\t\t<h3 class=\"elementor-icon-box-title\">\n\t\t\t\t\t<a href=\"https:\/\/www.facebook.com\/pablopavoiwanekpraczas\/\" target=\"_blank\">FACEBOOK<\/a>\n\t\t\t\t<\/h3>\n\t\t\t\t\t\t\t<\/div>\n\t\t<\/div>\n\t\t\t\t<\/div>\n\t\t\t\t<\/div>\n\t\t\t\t\t\t<\/div>\n\t\t\t\t\t<\/div>\n\t\t<\/div>\n\t\t\t\t<div class=\"elementor-column elementor-col-33 elementor-inner-column elementor-element elementor-element-c61a550\" data-id=\"c61a550\" data-element_type=\"column\">\n\t\t\t<div class=\"elementor-column-wrap elementor-element-populated\">\n\t\t\t\t\t\t\t<div class=\"elementor-widget-wrap\">\n\t\t\t\t\t\t<div class=\"elementor-element elementor-element-2b81cce elementor-vertical-align-middle elementor-view-default elementor-position-top elementor-invisible elementor-widget elementor-widget-icon-box\" data-id=\"2b81cce\" data-element_type=\"widget\" data-settings=\"{&quot;_animation&quot;:&quot;none&quot;}\" data-widget_type=\"icon-box.default\">\n\t\t\t\t<div class=\"elementor-widget-container\">\n\t\t\t\t\t<div class=\"elementor-icon-box-wrapper\">\n\t\t\t\t\t\t<div class=\"elementor-icon-box-icon\">\n\t\t\t\t<a class=\"elementor-icon elementor-animation-grow\" href=\"https:\/\/youtu.be\/txzVeJ3vDIQ\" target=\"_blank\">\n\t\t\t\t<i aria-hidden=\"true\" class=\"fab fa-youtube\"><\/i>\t\t\t\t<\/a>\n\t\t\t<\/div>\n\t\t\t\t\t\t<div class=\"elementor-icon-box-content\">\n\t\t\t\t<h3 class=\"elementor-icon-box-title\">\n\t\t\t\t\t<a href=\"https:\/\/youtu.be\/txzVeJ3vDIQ\" target=\"_blank\">Youtube <\/a>\n\t\t\t\t<\/h3>\n\t\t\t\t\t\t\t<\/div>\n\t\t<\/div>\n\t\t\t\t<\/div>\n\t\t\t\t<\/div>\n\t\t\t\t\t\t<\/div>\n\t\t\t\t\t<\/div>\n\t\t<\/div>\n\t\t\t\t\t\t\t\t<\/div>\n\t\t\t\t\t<\/div>\n\t\t<\/section>\n\t\t\t\t\t\t<\/div>\n\t\t\t\t\t<\/div>\n\t\t<\/div>\n\t\t\t\t\t\t\t\t<\/div>\n\t\t\t\t\t<\/div>\n\t\t<\/section>\n\t\t\t\t<section class=\"elementor-section elementor-top-section elementor-element elementor-element-d758289 elementor-section-boxed elementor-section-height-default elementor-section-height-default\" data-id=\"d758289\" data-element_type=\"section\" data-settings=\"{&quot;background_background&quot;:&quot;classic&quot;}\">\n\t\t\t\t\t\t<div class=\"elementor-container elementor-column-gap-default\">\n\t\t\t\t\t\t\t<div class=\"elementor-row\">\n\t\t\t\t\t<div class=\"elementor-column elementor-col-100 elementor-top-column elementor-element elementor-element-8a0c9ed\" data-id=\"8a0c9ed\" data-element_type=\"column\" data-settings=\"{&quot;background_background&quot;:&quot;classic&quot;}\">\n\t\t\t<div class=\"elementor-column-wrap elementor-element-populated\">\n\t\t\t\t\t\t\t<div class=\"elementor-widget-wrap\">\n\t\t\t\t\t\t<section class=\"elementor-section elementor-inner-section elementor-element elementor-element-6fe2406 elementor-section-boxed elementor-section-height-default elementor-section-height-default\" data-id=\"6fe2406\" data-element_type=\"section\">\n\t\t\t\t\t\t<div class=\"elementor-container elementor-column-gap-default\">\n\t\t\t\t\t\t\t<div class=\"elementor-row\">\n\t\t\t\t\t<div class=\"elementor-column elementor-col-100 elementor-inner-column elementor-element elementor-element-32b46fa\" data-id=\"32b46fa\" data-element_type=\"column\">\n\t\t\t<div class=\"elementor-column-wrap elementor-element-populated\">\n\t\t\t\t\t\t\t<div class=\"elementor-widget-wrap\">\n\t\t\t\t\t\t<div class=\"elementor-element elementor-element-31f58cd elementor-tabs-view-horizontal elementor-widget elementor-widget-tabs\" data-id=\"31f58cd\" data-element_type=\"widget\" data-widget_type=\"tabs.default\">\n\t\t\t\t<div class=\"elementor-widget-container\">\n\t\t\t\t\t<div class=\"elementor-tabs\" role=\"tablist\">\n\t\t\t<div class=\"elementor-tabs-wrapper\">\n\t\t\t\t\t\t\t\t\t<div id=\"elementor-tab-title-5231\" class=\"elementor-tab-title elementor-tab-desktop-title\" data-tab=\"1\" role=\"tab\" aria-controls=\"elementor-tab-content-5231\"><a href=\"\">Video<\/a><\/div>\n\t\t\t\t\t\t\t\t\t<div id=\"elementor-tab-title-5232\" class=\"elementor-tab-title elementor-tab-desktop-title\" data-tab=\"2\" role=\"tab\" aria-controls=\"elementor-tab-content-5232\"><a href=\"\">SZCZEG\u00d3\u0141Y<\/a><\/div>\n\t\t\t\t\t\t\t<\/div>\n\t\t\t<div class=\"elementor-tabs-content-wrapper\">\n\t\t\t\t\t\t\t\t\t<div class=\"elementor-tab-title elementor-tab-mobile-title\" data-tab=\"1\" role=\"tab\">Video<\/div>\n\t\t\t\t\t<div id=\"elementor-tab-content-5231\" class=\"elementor-tab-content elementor-clearfix\" data-tab=\"1\" role=\"tabpanel\" aria-labelledby=\"elementor-tab-title-5231\"><\/div>\n\t\t\t\t\t\t\t\t\t<div class=\"elementor-tab-title elementor-tab-mobile-title\" data-tab=\"2\" role=\"tab\">SZCZEG\u00d3\u0141Y<\/div>\n\t\t\t\t\t<div id=\"elementor-tab-content-5232\" class=\"elementor-tab-content elementor-clearfix\" data-tab=\"2\" role=\"tabpanel\" aria-labelledby=\"elementor-tab-title-5232\"><p><strong>Video<\/strong>: Tomasz Krawczyk<br \/><strong>G\u0142os<\/strong>: Pablopavo<br \/><strong>Elektronika<\/strong>: Rafa\u0142 Ko\u0142aci\u0144\u015bki<br \/><strong>Drumla:<\/strong> Aron Szylagyi<br \/><strong>Mix<\/strong>: Rafa\u0142 Ko\u0142aci\u0144ski<br \/><strong>Mastering<\/strong>: Mariusz Dziurawiec &amp; Jarek Smak &#8211; Studio AS One<\/p><\/div>\n\t\t\t\t\t\t\t<\/div>\n\t\t<\/div>\n\t\t\t\t<\/div>\n\t\t\t\t<\/div>\n\t\t\t\t\t\t<\/div>\n\t\t\t\t\t<\/div>\n\t\t<\/div>\n\t\t\t\t\t\t\t\t<\/div>\n\t\t\t\t\t<\/div>\n\t\t<\/section>\n\t\t\t\t\t\t<\/div>\n\t\t\t\t\t<\/div>\n\t\t<\/div>\n\t\t\t\t\t\t\t\t<\/div>\n\t\t\t\t\t<\/div>\n\t\t<\/section>\n\t\t\t\t\t\t<\/div>\n\t\t\t\t\t\t<\/div>\n\t\t\t\t\t<\/div>\n\t\t","protected":false},"excerpt":{"rendered":"<p>PABLOPAVO i PRACZAS G\u0141ODNE KAWA\u0141KI Pablopavo i Praczas to przedsi\u0119wzi\u0119cie obliczone na zysk. Artystyczny. Pablopavo i Praczas to spotkanie na szczytach w\u0142adzy. W\u0142adzy nad d\u017awi\u0119kiem i s\u0142owem. Jest to r\u00f3wnie\u017c spotkanie w dole &#8211; w dole basu, kt\u00f3ry przemieli Ci trzewia i w opowie\u015bciach z do\u0142u &#8211; o ludziach, kt\u00f3rzy nie trafiaj\u0105 na pierwsze strony&hellip;&nbsp;<a href=\"http:\/\/praczas.com\/?page_id=323\" class=\"\" rel=\"bookmark\">Czytaj wi\u0119cej &raquo;<span class=\"screen-reader-text\">PABLOPAVO I PRACZAS &#8211; G\u0141ODNE KAWA\u0141KI<\/span><\/a><\/p>\n","protected":false},"author":1,"featured_media":0,"parent":0,"menu_order":0,"comment_status":"closed","ping_status":"closed","template":"page-templates\/template-pagebuilder-full-width.php","meta":{"neve_meta_sidebar":"","neve_meta_container":"","neve_meta_enable_content_width":"","neve_meta_content_width":70,"neve_meta_title_alignment":"","neve_meta_author_avatar":"","neve_post_elements_order":"","neve_meta_disable_header":"","neve_meta_disable_footer":"","neve_meta_disable_title":""},"yoast_head":"<!-- This site is optimized with the Yoast SEO plugin v15.0 - https:\/\/yoast.com\/wordpress\/plugins\/seo\/ -->\n<title>PABLOPAVO I PRACZAS - G\u0141ODNE KAWA\u0141KI &gt; PRACZAS<\/title>\n<meta name=\"robots\" content=\"index, follow, max-snippet:-1, max-image-preview:large, max-video-preview:-1\" \/>\n<link rel=\"canonical\" href=\"http:\/\/praczas.com\/?page_id=323\" \/>\n<meta property=\"og:locale\" content=\"pl_PL\" \/>\n<meta property=\"og:type\" content=\"article\" \/>\n<meta property=\"og:title\" content=\"PABLOPAVO I PRACZAS - G\u0141ODNE KAWA\u0141KI &gt; PRACZAS\" \/>\n<meta property=\"og:description\" content=\"PABLOPAVO i PRACZAS G\u0141ODNE KAWA\u0141KI Pablopavo i Praczas to przedsi\u0119wzi\u0119cie obliczone na zysk. Artystyczny. Pablopavo i Praczas to spotkanie na szczytach w\u0142adzy. W\u0142adzy nad d\u017awi\u0119kiem i s\u0142owem. Jest to r\u00f3wnie\u017c spotkanie w dole &#8211; w dole basu, kt\u00f3ry przemieli Ci trzewia i w opowie\u015bciach z do\u0142u &#8211; o ludziach, kt\u00f3rzy nie trafiaj\u0105 na pierwsze strony&hellip;&nbsp;Czytaj wi\u0119cej &raquo;PABLOPAVO I PRACZAS &#8211; G\u0141ODNE KAWA\u0141KI\" \/>\n<meta property=\"og:url\" content=\"http:\/\/praczas.com\/?page_id=323\" \/>\n<meta property=\"og:site_name\" content=\"PRACZAS\" \/>\n<meta property=\"article:modified_time\" content=\"2020-09-24T11:42:39+00:00\" \/>\n<meta property=\"og:image\" content=\"http:\/\/praczas.com\/wp-content\/uploads\/2020\/09\/Glodne-Kawalki.jpg\" \/>\n<meta name=\"twitter:card\" content=\"summary_large_image\" \/>\n<script type=\"application\/ld+json\" class=\"yoast-schema-graph\">{\"@context\":\"https:\/\/schema.org\",\"@graph\":[{\"@type\":[\"Person\",\"Organization\"],\"@id\":\"http:\/\/praczas.com\/#\/schema\/person\/e698a84ace1cc83432bc2576cdac5cd4\",\"name\":\"PRACZAS\",\"image\":{\"@type\":\"ImageObject\",\"@id\":\"http:\/\/praczas.com\/#personlogo\",\"inLanguage\":\"pl-PL\",\"url\":\"http:\/\/2.gravatar.com\/avatar\/bf61160c091ced6205be75fe28a68479?s=96&d=mm&r=g\",\"caption\":\"PRACZAS\"},\"logo\":{\"@id\":\"http:\/\/praczas.com\/#personlogo\"}},{\"@type\":\"WebSite\",\"@id\":\"http:\/\/praczas.com\/#website\",\"url\":\"http:\/\/praczas.com\/\",\"name\":\"PRACZAS\",\"description\":\"OPUS MINIMUM\",\"publisher\":{\"@id\":\"http:\/\/praczas.com\/#\/schema\/person\/e698a84ace1cc83432bc2576cdac5cd4\"},\"potentialAction\":[{\"@type\":\"SearchAction\",\"target\":\"http:\/\/praczas.com\/?s={search_term_string}\",\"query-input\":\"required name=search_term_string\"}],\"inLanguage\":\"pl-PL\"},{\"@type\":\"ImageObject\",\"@id\":\"http:\/\/praczas.com\/?page_id=323#primaryimage\",\"inLanguage\":\"pl-PL\",\"url\":\"http:\/\/praczas.com\/wp-content\/uploads\/2020\/09\/Glodne-Kawalki.jpg\",\"width\":884,\"height\":799},{\"@type\":\"WebPage\",\"@id\":\"http:\/\/praczas.com\/?page_id=323#webpage\",\"url\":\"http:\/\/praczas.com\/?page_id=323\",\"name\":\"PABLOPAVO I PRACZAS - G\\u0141ODNE KAWA\\u0141KI &gt; PRACZAS\",\"isPartOf\":{\"@id\":\"http:\/\/praczas.com\/#website\"},\"primaryImageOfPage\":{\"@id\":\"http:\/\/praczas.com\/?page_id=323#primaryimage\"},\"datePublished\":\"2020-09-06T14:39:29+00:00\",\"dateModified\":\"2020-09-24T11:42:39+00:00\",\"inLanguage\":\"pl-PL\",\"potentialAction\":[{\"@type\":\"ReadAction\",\"target\":[\"http:\/\/praczas.com\/?page_id=323\"]}]}]}<\/script>\n<!-- \/ Yoast SEO plugin. -->","_links":{"self":[{"href":"http:\/\/praczas.com\/index.php?rest_route=\/wp\/v2\/pages\/323"}],"collection":[{"href":"http:\/\/praczas.com\/index.php?rest_route=\/wp\/v2\/pages"}],"about":[{"href":"http:\/\/praczas.com\/index.php?rest_route=\/wp\/v2\/types\/page"}],"author":[{"embeddable":true,"href":"http:\/\/praczas.com\/index.php?rest_route=\/wp\/v2\/users\/1"}],"replies":[{"embeddable":true,"href":"http:\/\/praczas.com\/index.php?rest_route=%2Fwp%2Fv2%2Fcomments&post=323"}],"version-history":[{"count":7,"href":"http:\/\/praczas.com\/index.php?rest_route=\/wp\/v2\/pages\/323\/revisions"}],"predecessor-version":[{"id":407,"href":"http:\/\/praczas.com\/index.php?rest_route=\/wp\/v2\/pages\/323\/revisions\/407"}],"wp:attachment":[{"href":"http:\/\/praczas.com\/index.php?rest_route=%2Fwp%2Fv2%2Fmedia&parent=323"}],"curies":[{"name":"wp","href":"https:\/\/api.w.org\/{rel}","templated":true}]}}