{"id":73,"date":"2019-07-22T10:22:28","date_gmt":"2019-07-22T10:22:28","guid":{"rendered":"https:\/\/demosites.io\/music-band\/?page_id=14"},"modified":"2020-10-23T15:39:35","modified_gmt":"2020-10-23T15:39:35","slug":"4bb67-music-band-single-album","status":"publish","type":"page","link":"http:\/\/praczas.com\/?page_id=73","title":{"rendered":"PRACZAS &#8211; OPUS MINIMUM"},"content":{"rendered":"\t\t<div data-elementor-type=\"wp-post\" data-elementor-id=\"73\" class=\"elementor elementor-73\" data-elementor-settings=\"[]\">\n\t\t\t\t\t\t<div class=\"elementor-inner\">\n\t\t\t\t\t\t\t<div class=\"elementor-section-wrap\">\n\t\t\t\t\t\t\t<section class=\"elementor-section elementor-top-section elementor-element elementor-element-c569b30 elementor-section-boxed elementor-section-height-default elementor-section-height-default\" data-id=\"c569b30\" data-element_type=\"section\" data-settings=\"{&quot;background_background&quot;:&quot;classic&quot;}\">\n\t\t\t\t\t\t\t<div class=\"elementor-background-overlay\"><\/div>\n\t\t\t\t\t\t\t<div class=\"elementor-container elementor-column-gap-default\">\n\t\t\t\t\t\t\t<div class=\"elementor-row\">\n\t\t\t\t\t<div class=\"elementor-column elementor-col-100 elementor-top-column elementor-element elementor-element-c59bf79\" data-id=\"c59bf79\" data-element_type=\"column\">\n\t\t\t<div class=\"elementor-column-wrap elementor-element-populated\">\n\t\t\t\t\t\t\t<div class=\"elementor-widget-wrap\">\n\t\t\t\t\t\t<section class=\"elementor-section elementor-inner-section elementor-element elementor-element-1458262 elementor-section-boxed elementor-section-height-default elementor-section-height-default\" data-id=\"1458262\" data-element_type=\"section\">\n\t\t\t\t\t\t<div class=\"elementor-container elementor-column-gap-default\">\n\t\t\t\t\t\t\t<div class=\"elementor-row\">\n\t\t\t\t\t<div class=\"elementor-column elementor-col-50 elementor-inner-column elementor-element elementor-element-a68c26e\" data-id=\"a68c26e\" data-element_type=\"column\">\n\t\t\t<div class=\"elementor-column-wrap elementor-element-populated\">\n\t\t\t\t\t\t\t<div class=\"elementor-widget-wrap\">\n\t\t\t\t\t\t<div class=\"elementor-element elementor-element-33ec010 elementor-widget elementor-widget-image\" data-id=\"33ec010\" data-element_type=\"widget\" data-widget_type=\"image.default\">\n\t\t\t\t<div class=\"elementor-widget-container\">\n\t\t\t\t\t<div class=\"elementor-image\">\n\t\t\t\t\t\t\t\t\t\t<img width=\"1024\" height=\"920\" src=\"http:\/\/praczas.com\/wp-content\/uploads\/2020\/09\/front_12_vel4_D_got_RGB-1024x920.jpg\" class=\"attachment-large size-large\" alt=\"\" loading=\"lazy\" srcset=\"http:\/\/praczas.com\/wp-content\/uploads\/2020\/09\/front_12_vel4_D_got_RGB-1024x920.jpg 1024w, http:\/\/praczas.com\/wp-content\/uploads\/2020\/09\/front_12_vel4_D_got_RGB-300x270.jpg 300w, http:\/\/praczas.com\/wp-content\/uploads\/2020\/09\/front_12_vel4_D_got_RGB-768x690.jpg 768w, http:\/\/praczas.com\/wp-content\/uploads\/2020\/09\/front_12_vel4_D_got_RGB-1536x1381.jpg 1536w, http:\/\/praczas.com\/wp-content\/uploads\/2020\/09\/front_12_vel4_D_got_RGB-2048x1841.jpg 2048w\" sizes=\"(max-width: 1024px) 100vw, 1024px\" \/>\t\t\t\t\t\t\t\t\t\t\t<\/div>\n\t\t\t\t<\/div>\n\t\t\t\t<\/div>\n\t\t\t\t\t\t<\/div>\n\t\t\t\t\t<\/div>\n\t\t<\/div>\n\t\t\t\t<div class=\"elementor-column elementor-col-50 elementor-inner-column elementor-element elementor-element-b1f83e4\" data-id=\"b1f83e4\" data-element_type=\"column\">\n\t\t\t<div class=\"elementor-column-wrap elementor-element-populated\">\n\t\t\t\t\t\t\t<div class=\"elementor-widget-wrap\">\n\t\t\t\t\t\t<div class=\"elementor-element elementor-element-5ad7da1 elementor-widget elementor-widget-heading\" data-id=\"5ad7da1\" data-element_type=\"widget\" data-widget_type=\"heading.default\">\n\t\t\t\t<div class=\"elementor-widget-container\">\n\t\t\t<div class=\"elementor-heading-title elementor-size-default\">NAJNOWSZE WYDAWNICTWO<\/div>\t\t<\/div>\n\t\t\t\t<\/div>\n\t\t\t\t<div class=\"elementor-element elementor-element-3fb1297 elementor-widget elementor-widget-heading\" data-id=\"3fb1297\" data-element_type=\"widget\" data-widget_type=\"heading.default\">\n\t\t\t\t<div class=\"elementor-widget-container\">\n\t\t\t<h1 class=\"elementor-heading-title elementor-size-default\">OPUS MINIMUM<\/h1>\t\t<\/div>\n\t\t\t\t<\/div>\n\t\t\t\t<div class=\"elementor-element elementor-element-8056a64 elementor-widget elementor-widget-spacer\" data-id=\"8056a64\" data-element_type=\"widget\" data-widget_type=\"spacer.default\">\n\t\t\t\t<div class=\"elementor-widget-container\">\n\t\t\t\t\t<div class=\"elementor-spacer\">\n\t\t\t<div class=\"elementor-spacer-inner\"><\/div>\n\t\t<\/div>\n\t\t\t\t<\/div>\n\t\t\t\t<\/div>\n\t\t\t\t<div class=\"elementor-element elementor-element-7d511ac elementor-widget elementor-widget-text-editor\" data-id=\"7d511ac\" data-element_type=\"widget\" data-widget_type=\"text-editor.default\">\n\t\t\t\t<div class=\"elementor-widget-container\">\n\t\t\t\t\t<div class=\"elementor-text-editor elementor-clearfix\"><p>Sygnowany pseudonimem Praczas album \u201eOpus Minimum\u201d to efekt wieloletniej fascynacji muzyk\u0105 w jej najszerszym rozumieniu: od klasyki, przez elektronik\u0119, po death metal.<\/p><p>P\u0142yta stanowi\u00a0zbi\u00f3r d\u017awi\u0119k\u00f3w z najr\u00f3\u017cniejszych \u015bwiat\u00f3w &#8211; przesterowanych gitar i 8-bitowych brzmie\u0144, neuro-bassu, meksyka\u0144skich \u201ed\u0119ciak\u00f3w\u201d i szalonych jazzowych saksofon\u00f3w. Poza Praczasem swoim talentem wydawnictwo to wzbogaca plejada znamienitych go\u015bci,\u00a0m.in.: <strong>Ania Iwanek<\/strong> (Pablopavo\/Iwanek\/Praczas), <strong>Karol Gola<\/strong> (Lao Che, ex-Pink Freud), <strong>Spi\u0119ty<\/strong> (Lao Che), <strong>Patryk Kra\u015bniewski<\/strong> (Vavamuffin, Slavic Jazz Underground), <strong>Wojtek Grabek<\/strong>, <strong>Krojc<\/strong> (ex-Lao Che) czy <strong>Szymon Danis<\/strong> (IdiotHead, ZIMN\u00d8, Bipolar Bears). Warstw\u0119 tekstow\u0105 albumu cechuje przede wszystkim poszukiwanie minimalizmu \u2013 opr\u00f3cz autorskich tekst\u00f3w zaproszonych wokalist\u00f3w wsp\u00f3\u0142tworz\u0105 j\u0105 utwory haiku afroameryka\u0144skiego poety Richarda Wrighta czy&#8230; angloj\u0119zyczna dzieci\u0119ca.<\/p><p>\u201eOpus Minimum\u201d to swoisty zwariowany quodlibet\u00a0\u2013 bez ogranicze\u0144 i bez hamulc\u00f3w.<\/p><\/div>\n\t\t\t\t<\/div>\n\t\t\t\t<\/div>\n\t\t\t\t\t\t<\/div>\n\t\t\t\t\t<\/div>\n\t\t<\/div>\n\t\t\t\t\t\t\t\t<\/div>\n\t\t\t\t\t<\/div>\n\t\t<\/section>\n\t\t\t\t<div class=\"elementor-element elementor-element-3a4053e elementor-widget elementor-widget-spacer\" data-id=\"3a4053e\" data-element_type=\"widget\" data-widget_type=\"spacer.default\">\n\t\t\t\t<div class=\"elementor-widget-container\">\n\t\t\t\t\t<div class=\"elementor-spacer\">\n\t\t\t<div class=\"elementor-spacer-inner\"><\/div>\n\t\t<\/div>\n\t\t\t\t<\/div>\n\t\t\t\t<\/div>\n\t\t\t\t<section class=\"elementor-section elementor-inner-section elementor-element elementor-element-8dd2c7c elementor-section-boxed elementor-section-height-default elementor-section-height-default\" data-id=\"8dd2c7c\" data-element_type=\"section\">\n\t\t\t\t\t\t<div class=\"elementor-container elementor-column-gap-default\">\n\t\t\t\t\t\t\t<div class=\"elementor-row\">\n\t\t\t\t\t<div class=\"elementor-column elementor-col-20 elementor-inner-column elementor-element elementor-element-af95f21\" data-id=\"af95f21\" data-element_type=\"column\">\n\t\t\t<div class=\"elementor-column-wrap elementor-element-populated\">\n\t\t\t\t\t\t\t<div class=\"elementor-widget-wrap\">\n\t\t\t\t\t\t<div class=\"elementor-element elementor-element-f74179a elementor-vertical-align-middle elementor-view-default elementor-position-top elementor-widget elementor-widget-icon-box\" data-id=\"f74179a\" data-element_type=\"widget\" data-widget_type=\"icon-box.default\">\n\t\t\t\t<div class=\"elementor-widget-container\">\n\t\t\t\t\t<div class=\"elementor-icon-box-wrapper\">\n\t\t\t\t\t\t<div class=\"elementor-icon-box-icon\">\n\t\t\t\t<a class=\"elementor-icon elementor-animation-grow\" href=\"https:\/\/open.spotify.com\/album\/0GC9xbzq1yY1bIuRE0tXh0?si=kWR4lR9ZR1WH_KKcGCLdpQ\" target=\"_blank\">\n\t\t\t\t<i aria-hidden=\"true\" class=\"fab fa-spotify\"><\/i>\t\t\t\t<\/a>\n\t\t\t<\/div>\n\t\t\t\t\t\t<div class=\"elementor-icon-box-content\">\n\t\t\t\t<h3 class=\"elementor-icon-box-title\">\n\t\t\t\t\t<a href=\"https:\/\/open.spotify.com\/album\/0GC9xbzq1yY1bIuRE0tXh0?si=kWR4lR9ZR1WH_KKcGCLdpQ\" target=\"_blank\">Spotify<\/a>\n\t\t\t\t<\/h3>\n\t\t\t\t\t\t\t<\/div>\n\t\t<\/div>\n\t\t\t\t<\/div>\n\t\t\t\t<\/div>\n\t\t\t\t\t\t<\/div>\n\t\t\t\t\t<\/div>\n\t\t<\/div>\n\t\t\t\t<div class=\"elementor-column elementor-col-20 elementor-inner-column elementor-element elementor-element-42972e3\" data-id=\"42972e3\" data-element_type=\"column\">\n\t\t\t<div class=\"elementor-column-wrap elementor-element-populated\">\n\t\t\t\t\t\t\t<div class=\"elementor-widget-wrap\">\n\t\t\t\t\t\t<div class=\"elementor-element elementor-element-1309654 elementor-vertical-align-middle elementor-view-default elementor-position-top elementor-widget elementor-widget-icon-box\" data-id=\"1309654\" data-element_type=\"widget\" data-widget_type=\"icon-box.default\">\n\t\t\t\t<div class=\"elementor-widget-container\">\n\t\t\t\t\t<div class=\"elementor-icon-box-wrapper\">\n\t\t\t\t\t\t<div class=\"elementor-icon-box-icon\">\n\t\t\t\t<a class=\"elementor-icon elementor-animation-grow\" href=\"https:\/\/praczas.bandcamp.com\/\" target=\"_blank\">\n\t\t\t\t<i aria-hidden=\"true\" class=\"fab fa-bandcamp\"><\/i>\t\t\t\t<\/a>\n\t\t\t<\/div>\n\t\t\t\t\t\t<div class=\"elementor-icon-box-content\">\n\t\t\t\t<h3 class=\"elementor-icon-box-title\">\n\t\t\t\t\t<a href=\"https:\/\/praczas.bandcamp.com\/\" target=\"_blank\">Bandcamp<\/a>\n\t\t\t\t<\/h3>\n\t\t\t\t\t\t\t<\/div>\n\t\t<\/div>\n\t\t\t\t<\/div>\n\t\t\t\t<\/div>\n\t\t\t\t\t\t<\/div>\n\t\t\t\t\t<\/div>\n\t\t<\/div>\n\t\t\t\t<div class=\"elementor-column elementor-col-20 elementor-inner-column elementor-element elementor-element-7b53c25\" data-id=\"7b53c25\" data-element_type=\"column\">\n\t\t\t<div class=\"elementor-column-wrap elementor-element-populated\">\n\t\t\t\t\t\t\t<div class=\"elementor-widget-wrap\">\n\t\t\t\t\t\t<div class=\"elementor-element elementor-element-4822284 elementor-vertical-align-middle elementor-view-default elementor-position-top elementor-widget elementor-widget-icon-box\" data-id=\"4822284\" data-element_type=\"widget\" data-widget_type=\"icon-box.default\">\n\t\t\t\t<div class=\"elementor-widget-container\">\n\t\t\t\t\t<div class=\"elementor-icon-box-wrapper\">\n\t\t\t\t\t\t<div class=\"elementor-icon-box-icon\">\n\t\t\t\t<a class=\"elementor-icon elementor-animation-grow\" href=\"https:\/\/www.facebook.com\/praczasmusic\" target=\"_blank\">\n\t\t\t\t<i aria-hidden=\"true\" class=\"fab fa-facebook-square\"><\/i>\t\t\t\t<\/a>\n\t\t\t<\/div>\n\t\t\t\t\t\t<div class=\"elementor-icon-box-content\">\n\t\t\t\t<h3 class=\"elementor-icon-box-title\">\n\t\t\t\t\t<a href=\"https:\/\/www.facebook.com\/praczasmusic\" target=\"_blank\">FACEBOOK<\/a>\n\t\t\t\t<\/h3>\n\t\t\t\t\t\t\t<\/div>\n\t\t<\/div>\n\t\t\t\t<\/div>\n\t\t\t\t<\/div>\n\t\t\t\t\t\t<\/div>\n\t\t\t\t\t<\/div>\n\t\t<\/div>\n\t\t\t\t<div class=\"elementor-column elementor-col-20 elementor-inner-column elementor-element elementor-element-ddd303d\" data-id=\"ddd303d\" data-element_type=\"column\">\n\t\t\t<div class=\"elementor-column-wrap elementor-element-populated\">\n\t\t\t\t\t\t\t<div class=\"elementor-widget-wrap\">\n\t\t\t\t\t\t<div class=\"elementor-element elementor-element-cbc91eb elementor-vertical-align-middle elementor-view-default elementor-position-top elementor-widget elementor-widget-icon-box\" data-id=\"cbc91eb\" data-element_type=\"widget\" data-widget_type=\"icon-box.default\">\n\t\t\t\t<div class=\"elementor-widget-container\">\n\t\t\t\t\t<div class=\"elementor-icon-box-wrapper\">\n\t\t\t\t\t\t<div class=\"elementor-icon-box-icon\">\n\t\t\t\t<a class=\"elementor-icon elementor-animation-grow\" href=\"https:\/\/soundcloud.com\/praczas\" target=\"_blank\">\n\t\t\t\t<i aria-hidden=\"true\" class=\"fab fa-soundcloud\"><\/i>\t\t\t\t<\/a>\n\t\t\t<\/div>\n\t\t\t\t\t\t<div class=\"elementor-icon-box-content\">\n\t\t\t\t<h3 class=\"elementor-icon-box-title\">\n\t\t\t\t\t<a href=\"https:\/\/soundcloud.com\/praczas\" target=\"_blank\">Soundcloud<\/a>\n\t\t\t\t<\/h3>\n\t\t\t\t\t\t\t<\/div>\n\t\t<\/div>\n\t\t\t\t<\/div>\n\t\t\t\t<\/div>\n\t\t\t\t\t\t<\/div>\n\t\t\t\t\t<\/div>\n\t\t<\/div>\n\t\t\t\t<div class=\"elementor-column elementor-col-20 elementor-inner-column elementor-element elementor-element-cd5aadb\" data-id=\"cd5aadb\" data-element_type=\"column\">\n\t\t\t<div class=\"elementor-column-wrap elementor-element-populated\">\n\t\t\t\t\t\t\t<div class=\"elementor-widget-wrap\">\n\t\t\t\t\t\t<div class=\"elementor-element elementor-element-e901fdd elementor-vertical-align-middle elementor-view-default elementor-position-top elementor-invisible elementor-widget elementor-widget-icon-box\" data-id=\"e901fdd\" data-element_type=\"widget\" data-settings=\"{&quot;_animation&quot;:&quot;none&quot;}\" data-widget_type=\"icon-box.default\">\n\t\t\t\t<div class=\"elementor-widget-container\">\n\t\t\t\t\t<div class=\"elementor-icon-box-wrapper\">\n\t\t\t\t\t\t<div class=\"elementor-icon-box-icon\">\n\t\t\t\t<a class=\"elementor-icon elementor-animation-grow\" href=\"\/neve-music-band\" target=\"_blank\">\n\t\t\t\t<i aria-hidden=\"true\" class=\"fab fa-youtube\"><\/i>\t\t\t\t<\/a>\n\t\t\t<\/div>\n\t\t\t\t\t\t<div class=\"elementor-icon-box-content\">\n\t\t\t\t<h3 class=\"elementor-icon-box-title\">\n\t\t\t\t\t<a href=\"\/neve-music-band\" target=\"_blank\">Youtube <\/a>\n\t\t\t\t<\/h3>\n\t\t\t\t\t\t\t<\/div>\n\t\t<\/div>\n\t\t\t\t<\/div>\n\t\t\t\t<\/div>\n\t\t\t\t\t\t<\/div>\n\t\t\t\t\t<\/div>\n\t\t<\/div>\n\t\t\t\t\t\t\t\t<\/div>\n\t\t\t\t\t<\/div>\n\t\t<\/section>\n\t\t\t\t\t\t<\/div>\n\t\t\t\t\t<\/div>\n\t\t<\/div>\n\t\t\t\t\t\t\t\t<\/div>\n\t\t\t\t\t<\/div>\n\t\t<\/section>\n\t\t\t\t<section class=\"elementor-section elementor-top-section elementor-element elementor-element-4c9932d elementor-section-boxed elementor-section-height-default elementor-section-height-default\" data-id=\"4c9932d\" data-element_type=\"section\" data-settings=\"{&quot;background_background&quot;:&quot;classic&quot;}\">\n\t\t\t\t\t\t<div class=\"elementor-container elementor-column-gap-default\">\n\t\t\t\t\t\t\t<div class=\"elementor-row\">\n\t\t\t\t\t<div class=\"elementor-column elementor-col-100 elementor-top-column elementor-element elementor-element-09a7a35\" data-id=\"09a7a35\" data-element_type=\"column\" data-settings=\"{&quot;background_background&quot;:&quot;classic&quot;}\">\n\t\t\t<div class=\"elementor-column-wrap elementor-element-populated\">\n\t\t\t\t\t\t\t<div class=\"elementor-widget-wrap\">\n\t\t\t\t\t\t<section class=\"elementor-section elementor-inner-section elementor-element elementor-element-bbc325f elementor-section-boxed elementor-section-height-default elementor-section-height-default\" data-id=\"bbc325f\" data-element_type=\"section\">\n\t\t\t\t\t\t<div class=\"elementor-container elementor-column-gap-default\">\n\t\t\t\t\t\t\t<div class=\"elementor-row\">\n\t\t\t\t\t<div class=\"elementor-column elementor-col-100 elementor-inner-column elementor-element elementor-element-73e41b8\" data-id=\"73e41b8\" data-element_type=\"column\">\n\t\t\t<div class=\"elementor-column-wrap elementor-element-populated\">\n\t\t\t\t\t\t\t<div class=\"elementor-widget-wrap\">\n\t\t\t\t\t\t<div class=\"elementor-element elementor-element-ed043a3 elementor-tabs-view-horizontal elementor-widget elementor-widget-tabs\" data-id=\"ed043a3\" data-element_type=\"widget\" data-widget_type=\"tabs.default\">\n\t\t\t\t<div class=\"elementor-widget-container\">\n\t\t\t\t\t<div class=\"elementor-tabs\" role=\"tablist\">\n\t\t\t<div class=\"elementor-tabs-wrapper\">\n\t\t\t\t\t\t\t\t\t<div id=\"elementor-tab-title-2481\" class=\"elementor-tab-title elementor-tab-desktop-title\" data-tab=\"1\" role=\"tab\" aria-controls=\"elementor-tab-content-2481\"><a href=\"\">Video<\/a><\/div>\n\t\t\t\t\t\t\t\t\t<div id=\"elementor-tab-title-2482\" class=\"elementor-tab-title elementor-tab-desktop-title\" data-tab=\"2\" role=\"tab\" aria-controls=\"elementor-tab-content-2482\"><a href=\"\">SZCZEG\u00d3\u0141Y<\/a><\/div>\n\t\t\t\t\t\t\t<\/div>\n\t\t\t<div class=\"elementor-tabs-content-wrapper\">\n\t\t\t\t\t\t\t\t\t<div class=\"elementor-tab-title elementor-tab-mobile-title\" data-tab=\"1\" role=\"tab\">Video<\/div>\n\t\t\t\t\t<div id=\"elementor-tab-content-2481\" class=\"elementor-tab-content elementor-clearfix\" data-tab=\"1\" role=\"tabpanel\" aria-labelledby=\"elementor-tab-title-2481\"><p><div class=\"nv-iframe-embed\"><iframe title=\"PRACZAS   &quot;Itty - bitty hurly - burly&quot;\" width=\"1200\" height=\"675\" src=\"https:\/\/www.youtube.com\/embed\/ogEGtMFhc6c?feature=oembed\" frameborder=\"0\" allow=\"accelerometer; autoplay; clipboard-write; encrypted-media; gyroscope; picture-in-picture\" allowfullscreen><\/iframe><\/div><\/p><p>\u00a0<\/p><\/div>\n\t\t\t\t\t\t\t\t\t<div class=\"elementor-tab-title elementor-tab-mobile-title\" data-tab=\"2\" role=\"tab\">SZCZEG\u00d3\u0141Y<\/div>\n\t\t\t\t\t<div id=\"elementor-tab-content-2482\" class=\"elementor-tab-content elementor-clearfix\" data-tab=\"2\" role=\"tabpanel\" aria-labelledby=\"elementor-tab-title-2482\"><p><strong>Video<\/strong>: Sebastian Juszczyk, Juzzmedia. www.juzzmedia.com @juzzmedia <br \/><strong>Muzyka i elektronika<\/strong> | <strong>Music &amp; electronics<\/strong>: Rafa\u0142 \u201aPraczas&#8217; Ko\u0142aci\u0144ski <br \/><strong>G\u0142os | Vox<\/strong>: Ania Iwanek <br \/><strong>Gitara, bas | Guitar, bass<\/strong>: Jakub \u201aKrojc&#8217; Pokorski <br \/><strong>Saksofony, flet | Saxophones, flute<\/strong>: Karol Gola <br \/><strong>Piano:<\/strong> Patryk Kra\u015bniewski <br \/><strong>Mix<\/strong>: Rafa\u0142 Ko\u0142aci\u0144ski <br \/><br \/><strong>Mastering<\/strong>: Mariusz Dziurawiec &amp; Jarek Smak &#8211; Studio AS One<\/p><\/div>\n\t\t\t\t\t\t\t<\/div>\n\t\t<\/div>\n\t\t\t\t<\/div>\n\t\t\t\t<\/div>\n\t\t\t\t\t\t<\/div>\n\t\t\t\t\t<\/div>\n\t\t<\/div>\n\t\t\t\t\t\t\t\t<\/div>\n\t\t\t\t\t<\/div>\n\t\t<\/section>\n\t\t\t\t\t\t<\/div>\n\t\t\t\t\t<\/div>\n\t\t<\/div>\n\t\t\t\t\t\t\t\t<\/div>\n\t\t\t\t\t<\/div>\n\t\t<\/section>\n\t\t\t\t\t\t<\/div>\n\t\t\t\t\t\t<\/div>\n\t\t\t\t\t<\/div>\n\t\t","protected":false},"excerpt":{"rendered":"<p>NAJNOWSZE WYDAWNICTWO OPUS MINIMUM Sygnowany pseudonimem Praczas album \u201eOpus Minimum\u201d to efekt wieloletniej fascynacji muzyk\u0105 w jej najszerszym rozumieniu: od klasyki, przez elektronik\u0119, po death metal. P\u0142yta stanowi\u00a0zbi\u00f3r d\u017awi\u0119k\u00f3w z najr\u00f3\u017cniejszych \u015bwiat\u00f3w &#8211; przesterowanych gitar i 8-bitowych brzmie\u0144, neuro-bassu, meksyka\u0144skich \u201ed\u0119ciak\u00f3w\u201d i szalonych jazzowych saksofon\u00f3w. Poza Praczasem swoim talentem wydawnictwo to wzbogaca plejada znamienitych go\u015bci,\u00a0m.in.:&hellip;&nbsp;<a href=\"http:\/\/praczas.com\/?page_id=73\" class=\"\" rel=\"bookmark\">Czytaj wi\u0119cej &raquo;<span class=\"screen-reader-text\">PRACZAS &#8211; OPUS MINIMUM<\/span><\/a><\/p>\n","protected":false},"author":1,"featured_media":0,"parent":0,"menu_order":0,"comment_status":"closed","ping_status":"closed","template":"page-templates\/template-pagebuilder-full-width.php","meta":{"neve_meta_sidebar":"","neve_meta_container":"","neve_meta_enable_content_width":"","neve_meta_content_width":70,"neve_meta_title_alignment":"","neve_meta_author_avatar":"","neve_post_elements_order":"","neve_meta_disable_header":"","neve_meta_disable_footer":"","neve_meta_disable_title":""},"yoast_head":"<!-- This site is optimized with the Yoast SEO plugin v15.0 - https:\/\/yoast.com\/wordpress\/plugins\/seo\/ -->\n<title>PRACZAS - OPUS MINIMUM &gt; PRACZAS<\/title>\n<meta name=\"robots\" content=\"index, follow, max-snippet:-1, max-image-preview:large, max-video-preview:-1\" \/>\n<link rel=\"canonical\" href=\"http:\/\/praczas.com\/?page_id=73\" \/>\n<meta property=\"og:locale\" content=\"pl_PL\" \/>\n<meta property=\"og:type\" content=\"article\" \/>\n<meta property=\"og:title\" content=\"PRACZAS - OPUS MINIMUM &gt; PRACZAS\" \/>\n<meta property=\"og:description\" content=\"NAJNOWSZE WYDAWNICTWO OPUS MINIMUM Sygnowany pseudonimem Praczas album \u201eOpus Minimum\u201d to efekt wieloletniej fascynacji muzyk\u0105 w jej najszerszym rozumieniu: od klasyki, przez elektronik\u0119, po death metal. P\u0142yta stanowi\u00a0zbi\u00f3r d\u017awi\u0119k\u00f3w z najr\u00f3\u017cniejszych \u015bwiat\u00f3w &#8211; przesterowanych gitar i 8-bitowych brzmie\u0144, neuro-bassu, meksyka\u0144skich \u201ed\u0119ciak\u00f3w\u201d i szalonych jazzowych saksofon\u00f3w. Poza Praczasem swoim talentem wydawnictwo to wzbogaca plejada znamienitych go\u015bci,\u00a0m.in.:&hellip;&nbsp;Czytaj wi\u0119cej &raquo;PRACZAS &#8211; OPUS MINIMUM\" \/>\n<meta property=\"og:url\" content=\"http:\/\/praczas.com\/?page_id=73\" \/>\n<meta property=\"og:site_name\" content=\"PRACZAS\" \/>\n<meta property=\"article:modified_time\" content=\"2020-10-23T15:39:35+00:00\" \/>\n<meta property=\"og:image\" content=\"http:\/\/praczas.com\/wp-content\/uploads\/2020\/09\/front_12_vel4_D_got_RGB-1024x920.jpg\" \/>\n<meta name=\"twitter:card\" content=\"summary_large_image\" \/>\n<script type=\"application\/ld+json\" class=\"yoast-schema-graph\">{\"@context\":\"https:\/\/schema.org\",\"@graph\":[{\"@type\":[\"Person\",\"Organization\"],\"@id\":\"http:\/\/praczas.com\/#\/schema\/person\/e698a84ace1cc83432bc2576cdac5cd4\",\"name\":\"PRACZAS\",\"image\":{\"@type\":\"ImageObject\",\"@id\":\"http:\/\/praczas.com\/#personlogo\",\"inLanguage\":\"pl-PL\",\"url\":\"http:\/\/2.gravatar.com\/avatar\/bf61160c091ced6205be75fe28a68479?s=96&d=mm&r=g\",\"caption\":\"PRACZAS\"},\"logo\":{\"@id\":\"http:\/\/praczas.com\/#personlogo\"}},{\"@type\":\"WebSite\",\"@id\":\"http:\/\/praczas.com\/#website\",\"url\":\"http:\/\/praczas.com\/\",\"name\":\"PRACZAS\",\"description\":\"OPUS MINIMUM\",\"publisher\":{\"@id\":\"http:\/\/praczas.com\/#\/schema\/person\/e698a84ace1cc83432bc2576cdac5cd4\"},\"potentialAction\":[{\"@type\":\"SearchAction\",\"target\":\"http:\/\/praczas.com\/?s={search_term_string}\",\"query-input\":\"required name=search_term_string\"}],\"inLanguage\":\"pl-PL\"},{\"@type\":\"ImageObject\",\"@id\":\"http:\/\/praczas.com\/?page_id=73#primaryimage\",\"inLanguage\":\"pl-PL\",\"url\":\"http:\/\/praczas.com\/wp-content\/uploads\/2020\/09\/front_12_vel4_D_got_RGB-scaled.jpg\",\"width\":2560,\"height\":2301},{\"@type\":\"WebPage\",\"@id\":\"http:\/\/praczas.com\/?page_id=73#webpage\",\"url\":\"http:\/\/praczas.com\/?page_id=73\",\"name\":\"PRACZAS - OPUS MINIMUM &gt; PRACZAS\",\"isPartOf\":{\"@id\":\"http:\/\/praczas.com\/#website\"},\"primaryImageOfPage\":{\"@id\":\"http:\/\/praczas.com\/?page_id=73#primaryimage\"},\"datePublished\":\"2019-07-22T10:22:28+00:00\",\"dateModified\":\"2020-10-23T15:39:35+00:00\",\"inLanguage\":\"pl-PL\",\"potentialAction\":[{\"@type\":\"ReadAction\",\"target\":[\"http:\/\/praczas.com\/?page_id=73\"]}]}]}<\/script>\n<!-- \/ Yoast SEO plugin. -->","_links":{"self":[{"href":"http:\/\/praczas.com\/index.php?rest_route=\/wp\/v2\/pages\/73"}],"collection":[{"href":"http:\/\/praczas.com\/index.php?rest_route=\/wp\/v2\/pages"}],"about":[{"href":"http:\/\/praczas.com\/index.php?rest_route=\/wp\/v2\/types\/page"}],"author":[{"embeddable":true,"href":"http:\/\/praczas.com\/index.php?rest_route=\/wp\/v2\/users\/1"}],"replies":[{"embeddable":true,"href":"http:\/\/praczas.com\/index.php?rest_route=%2Fwp%2Fv2%2Fcomments&post=73"}],"version-history":[{"count":19,"href":"http:\/\/praczas.com\/index.php?rest_route=\/wp\/v2\/pages\/73\/revisions"}],"predecessor-version":[{"id":426,"href":"http:\/\/praczas.com\/index.php?rest_route=\/wp\/v2\/pages\/73\/revisions\/426"}],"wp:attachment":[{"href":"http:\/\/praczas.com\/index.php?rest_route=%2Fwp%2Fv2%2Fmedia&parent=73"}],"curies":[{"name":"wp","href":"https:\/\/api.w.org\/{rel}","templated":true}]}}